{"id":5521,"date":"2021-09-06T17:48:06","date_gmt":"2021-09-06T17:48:06","guid":{"rendered":"https:\/\/360peninsula.com\/2021\/?page_id=5521"},"modified":"2021-09-06T17:56:46","modified_gmt":"2021-09-06T17:56:46","slug":"riviera-maya","status":"publish","type":"page","link":"https:\/\/360peninsula.com\/2021\/?page_id=5521","title":{"rendered":"Riviera Maya"},"content":{"rendered":"\t\t<div data-elementor-type=\"wp-page\" data-elementor-id=\"5521\" class=\"elementor elementor-5521\">\n\t\t\t\t\t\t<section class=\"elementor-section elementor-top-section elementor-element elementor-element-0313e40 elementor-section-full_width elementor-section-height-min-height elementor-section-height-default elementor-section-items-middle\" data-id=\"0313e40\" data-element_type=\"section\" data-e-type=\"section\" data-settings=\"{&quot;background_background&quot;:&quot;classic&quot;}\">\n\t\t\t\t\t\t\t<div class=\"elementor-background-overlay\"><\/div>\n\t\t\t\t\t\t\t<div class=\"elementor-container elementor-column-gap-extended\">\n\t\t\t\t\t<div class=\"elementor-column elementor-col-100 elementor-top-column elementor-element elementor-element-4f9c132\" data-id=\"4f9c132\" data-element_type=\"column\" data-e-type=\"column\">\n\t\t\t<div class=\"elementor-widget-wrap elementor-element-populated\">\n\t\t\t\t\t\t<div class=\"elementor-element elementor-element-22bc44d elementor-widget elementor-widget-heading\" data-id=\"22bc44d\" data-element_type=\"widget\" data-e-type=\"widget\" data-widget_type=\"heading.default\">\n\t\t\t\t<div class=\"elementor-widget-container\">\n\t\t\t\t\t<h2 class=\"elementor-heading-title elementor-size-large\">RIVIERA MAYA<\/h2>\t\t\t\t<\/div>\n\t\t\t\t<\/div>\n\t\t\t\t\t<\/div>\n\t\t<\/div>\n\t\t\t\t\t<\/div>\n\t\t<\/section>\n\t\t\t\t<section class=\"elementor-section elementor-top-section elementor-element elementor-element-7b2815f elementor-section-full_width elementor-section-height-default elementor-section-height-default\" data-id=\"7b2815f\" data-element_type=\"section\" data-e-type=\"section\">\n\t\t\t\t\t\t<div class=\"elementor-container elementor-column-gap-extended\">\n\t\t\t\t\t<div class=\"elementor-column elementor-col-100 elementor-top-column elementor-element elementor-element-57e8256\" data-id=\"57e8256\" data-element_type=\"column\" data-e-type=\"column\">\n\t\t\t<div class=\"elementor-widget-wrap elementor-element-populated\">\n\t\t\t\t\t\t<div class=\"elementor-element elementor-element-6f70a1e elementor-widget elementor-widget-shortcode\" data-id=\"6f70a1e\" data-element_type=\"widget\" data-e-type=\"widget\" data-widget_type=\"shortcode.default\">\n\t\t\t\t<div class=\"elementor-widget-container\">\n\t\t\t\t\t\t\t<div class=\"elementor-shortcode\"><div class=\"ere-property-wrap\">\n    <div class=\"ere-property clearfix property-grid \" >\n                            <div class=\"property-content col-gap-30 clearfix columns-4 columns-md-3 columns-sm-2 columns-xs-1 columns-mb-1\">\n                                <div class=\"ere-item-wrap property-item mg-bottom-30\">\n\t<div class=\"property-inner\">\n        <div class=\"property-image\">\r\n    <img fetchpriority=\"high\" decoding=\"async\" width=\"330\"\r\n     height=\"220\"\r\n     src=\"https:\/\/360peninsula.com\/2021\/wp-content\/uploads\/2021\/11\/01-2-330x220.jpg\"\r\n     onerror=\"this.src = 'https:\/\/360peninsula.com\/2021\/wp-content\/uploads\/2021\/07\/map-marker-icon-copy-330x220.png';\"\r\n     alt=\"Hermoso Penthouse en el Coraz\u00f3n de Playa Del Carmen\"\r\n     title=\"Hermoso Penthouse en el Coraz\u00f3n de Playa Del Carmen\">\r\n\r\n<div class=\"ere__loop-property-action property-action\">\r\n    <a data-toggle=\"tooltip\"\r\n   title=\"(6) Photos\"\r\n   data-property-id=\"10855\"\r\n   href=\"javascript:void(0)\" class=\"property-view-gallery ere__loop-property_action-item\">\r\n    <i class=\"fa fa-camera\"><\/i>\r\n<\/a>\r\n<a href=\"javascript:void(0)\" class=\"property-favorite ere__loop-property_action-item\" data-property-id=\"10855\"\r\n   data-toggle=\"tooltip\"\r\n   title=\"Add to Favorite\"\r\n   data-title-not-favorite=\"Add to Favorite\"\r\n   data-title-favorited=\"It is my favorite\"\r\n   data-icon-not-favorite=\"fa fa-star-o\"\r\n   data-icon-favorited=\"fa fa-star\">\r\n    <i class=\"fa fa-star-o\"><\/i>\r\n<\/a>\r\n<a class=\"compare-property ere__loop-property_action-item\" href=\"javascript:void(0)\"\r\n   data-property-id=\"10855\" data-toggle=\"tooltip\"\r\n   title=\"Compare\">\r\n    <i class=\"fa fa-plus\"><\/i>\r\n<\/a>\r\n<\/div><div class=\"ere__loop-property-badge ere__lpb-status\">\r\n                    <span style=\"--ere-loop-property-badge-bg-color:#ce7f79\" class=\"ere__loop-property-badge-item ere__term-status en-venta\" >\r\n            <span class=\"ere__lpbi-inner\">\r\n                En Venta            <\/span>\r\n        <\/span>\r\n    <\/div>\r\n<a class=\"property-link\" href=\"https:\/\/360peninsula.com\/2021\/?property=hermoso-penthouse-en-el-corazon-de-playa-del-carmen\" title=\"Hermoso Penthouse en el Coraz\u00f3n de Playa Del Carmen\"><\/a>\r\n<\/div>\r\n\r\n\t\t<div class=\"property-item-content\">\n\t\t\t<div class=\"property-heading\">\n                <h2 class=\"property-title\">\n    <a href=\"https:\/\/360peninsula.com\/2021\/?property=hermoso-penthouse-en-el-corazon-de-playa-del-carmen\" title=\"Hermoso Penthouse en el Coraz\u00f3n de Playa Del Carmen\">Hermoso Penthouse en el Coraz\u00f3n de Playa Del Carmen<\/a>\n<\/h2>\n\t<span class=\"property-price ere__loop-property-price\">\n\t\t\t\t\t<span class=\"property-price-prefix\">Precio de Lista<\/span>\n\t\t\t\t$340,000\t\t\t\t\t<span class=\"property-price-postfix\">\/ USD<\/span>\n\t\t\t<\/span>\n\t\t\t<\/div>\n            <div class=\"property-location ere__loop-property-location\" title=\"Playa del Carmen\">\n\t<i class=\"fa fa-map-marker\"><\/i>\n\t<a target=\"_blank\" href=\"http:\/\/maps.google.com\/?q=Playa%20del%20Carmen\"><span>Playa del Carmen<\/span><\/a>\n<\/div>\n<div class=\"property-element-inline\">\r\n    <div class=\"property-type-list\"><i class=\"fa fa-tag\"><\/i><a href=\"https:\/\/360peninsula.com\/2021\/?property-type=departamento\" rel=\"tag\">Departamento<\/a>, <a href=\"https:\/\/360peninsula.com\/2021\/?property-type=penthouse\" rel=\"tag\">Penthouse<\/a><\/div><div class=\"property-agent\">\r\n    <a href=\"https:\/\/360peninsula.com\/2021\/?agent=peninsula-360\" title=\"Peninsula 360\">\r\n        <i class=\"fa fa-user\"><\/i>\r\n        <span>Peninsula 360<\/span>\r\n    <\/a>\r\n<\/div>\r\n<div class=\"property-date\">\r\n    <i class=\"fa fa-calendar\"><\/i>\r\n     4 years ago<\/div>\r\n<\/div>\r\n<div class=\"property-excerpt\">\r\n    <p>Hermoso Penthouse en el Coraz\u00f3n de Playa Del Carmen a unos pasos de la 5ta. Avenida A solo unos pasos de la parte m\u00e1s lujosa de la 5ta avenida en Playa del Carmen, rodeado de los mejores restaurantes y tiendas en la calle Coraz\u00f3n, se encuentra uno de los proyectos m\u00e1s vanguardistas de Menesse Condos, &hellip;<\/p>\n<\/div>\r\n<div class=\"ere__loop-property-info property-info layout-1\">\r\n    <div class=\"property-info-inner\">\r\n        <div class=\"ere__loop-property-info-item property-area\" data-toggle=\"tooltip\" title=\"Size\">\r\n    <i class=\"fa fa-arrows\"><\/i>\r\n    <div class=\"ere__lpi-content\">\r\n        <span class=\"ere__lpi-value\">78 m<sup>2<\/sup><\/span>\r\n        <span class=\"ere__lpi-label\">Size<\/span>\r\n    <\/div>\r\n<\/div>\r\n\r\n<div class=\"ere__loop-property-info-item property-bedrooms\" data-toggle=\"tooltip\" title=\"1 Bedroom\">\r\n    <i class=\"fa fa-hotel\"><\/i>\r\n    <div class=\"ere__lpi-content\">\r\n        <span class=\"ere__lpi-value\">1<\/span>\r\n        <span class=\"ere__lpi-label\">Bedroom<\/span>\r\n    <\/div>\r\n<\/div><div class=\"ere__loop-property-info-item property-bathrooms\" data-toggle=\"tooltip\" title=\"2 Bathrooms\">\r\n    <i class=\"fa fa-bath\"><\/i>\r\n    <div class=\"ere__lpi-content\">\r\n        <span class=\"ere__lpi-value\">2<\/span>\r\n        <span class=\"ere__lpi-label\">Bathrooms<\/span>\r\n    <\/div>\r\n<\/div>\r\n    <\/div>\r\n<\/div>\r\n\n\t\t<\/div>\n\t<\/div>\n<\/div>                    <div class=\"ere-item-wrap property-item mg-bottom-30\">\n\t<div class=\"property-inner\">\n        <div class=\"property-image\">\r\n    <img decoding=\"async\" width=\"330\"\r\n     height=\"220\"\r\n     src=\"https:\/\/360peninsula.com\/2021\/wp-content\/uploads\/2021\/10\/3-2-330x220.jpg\"\r\n     onerror=\"this.src = 'https:\/\/360peninsula.com\/2021\/wp-content\/uploads\/2021\/07\/map-marker-icon-copy-330x220.png';\"\r\n     alt=\"Departamento Exclusivos en Playa del Carmen.\"\r\n     title=\"Departamento Exclusivos en Playa del Carmen.\">\r\n\r\n<div class=\"ere__loop-property-action property-action\">\r\n    <a data-toggle=\"tooltip\"\r\n   title=\"(6) Photos\"\r\n   data-property-id=\"10753\"\r\n   href=\"javascript:void(0)\" class=\"property-view-gallery ere__loop-property_action-item\">\r\n    <i class=\"fa fa-camera\"><\/i>\r\n<\/a>\r\n<a href=\"javascript:void(0)\" class=\"property-favorite ere__loop-property_action-item\" data-property-id=\"10753\"\r\n   data-toggle=\"tooltip\"\r\n   title=\"Add to Favorite\"\r\n   data-title-not-favorite=\"Add to Favorite\"\r\n   data-title-favorited=\"It is my favorite\"\r\n   data-icon-not-favorite=\"fa fa-star-o\"\r\n   data-icon-favorited=\"fa fa-star\">\r\n    <i class=\"fa fa-star-o\"><\/i>\r\n<\/a>\r\n<a class=\"compare-property ere__loop-property_action-item\" href=\"javascript:void(0)\"\r\n   data-property-id=\"10753\" data-toggle=\"tooltip\"\r\n   title=\"Compare\">\r\n    <i class=\"fa fa-plus\"><\/i>\r\n<\/a>\r\n<\/div><div class=\"ere__loop-property-badge ere__lpb-status\">\r\n                    <span style=\"--ere-loop-property-badge-bg-color:#ce7f79\" class=\"ere__loop-property-badge-item ere__term-status en-venta\" >\r\n            <span class=\"ere__lpbi-inner\">\r\n                En Venta            <\/span>\r\n        <\/span>\r\n    <\/div>\r\n<a class=\"property-link\" href=\"https:\/\/360peninsula.com\/2021\/?property=departamento-exclusivos-en-playa-del-carmen\" title=\"Departamento Exclusivos en Playa del Carmen.\"><\/a>\r\n<\/div>\r\n\r\n\t\t<div class=\"property-item-content\">\n\t\t\t<div class=\"property-heading\">\n                <h2 class=\"property-title\">\n    <a href=\"https:\/\/360peninsula.com\/2021\/?property=departamento-exclusivos-en-playa-del-carmen\" title=\"Departamento Exclusivos en Playa del Carmen.\">Departamento Exclusivos en Playa del Carmen.<\/a>\n<\/h2>\n    <span class=\"property-price ere__loop-property-price\">\n\t\tPrice on call\t<\/span>\n\t\t\t<\/div>\n            <div class=\"property-element-inline\">\r\n    <div class=\"property-type-list\"><i class=\"fa fa-tag\"><\/i><a href=\"https:\/\/360peninsula.com\/2021\/?property-type=departamento\" rel=\"tag\">Departamento<\/a><\/div><div class=\"property-date\">\r\n    <i class=\"fa fa-calendar\"><\/i>\r\n     5 years ago<\/div>\r\n<\/div>\r\n<div class=\"property-excerpt\">\r\n    <p>Valle Aurora, Desarrollo inmobiliario en Playa del Carmen, a menos de 5 min de la Quinta Avenida y Mar Caribe. El proyecto m\u00e1s completo de playa del Carmen a solo 7 min de la quinta avenida y mar caribe. El proyecto est\u00e1 conformado por 60 lujosos apartamentos que var\u00edan en tama\u00f1o desde 80 m2 hasta &hellip;<\/p>\n<\/div>\r\n<div class=\"ere__loop-property-info property-info layout-1\">\r\n    <div class=\"property-info-inner\">\r\n        <div class=\"ere__loop-property-info-item property-area\" data-toggle=\"tooltip\" title=\"Size\">\r\n    <i class=\"fa fa-arrows\"><\/i>\r\n    <div class=\"ere__lpi-content\">\r\n        <span class=\"ere__lpi-value\">80 m<sup>2<\/sup><\/span>\r\n        <span class=\"ere__lpi-label\">Size<\/span>\r\n    <\/div>\r\n<\/div>\r\n\r\n    <\/div>\r\n<\/div>\r\n\n\t\t<\/div>\n\t<\/div>\n<\/div>                    <div class=\"ere-item-wrap property-item mg-bottom-30\">\n\t<div class=\"property-inner\">\n        <div class=\"property-image\">\r\n    <img decoding=\"async\" width=\"330\"\r\n     height=\"220\"\r\n     src=\"https:\/\/360peninsula.com\/2021\/wp-content\/uploads\/2021\/10\/6-1-330x220.jpg\"\r\n     onerror=\"this.src = 'https:\/\/360peninsula.com\/2021\/wp-content\/uploads\/2021\/07\/map-marker-icon-copy-330x220.png';\"\r\n     alt=\"Gran Desarrollo de Apartamento en Playa del Carmen.\"\r\n     title=\"Gran Desarrollo de Apartamento en Playa del Carmen.\">\r\n\r\n<div class=\"ere__loop-property-action property-action\">\r\n    <a data-toggle=\"tooltip\"\r\n   title=\"(7) Photos\"\r\n   data-property-id=\"10737\"\r\n   href=\"javascript:void(0)\" class=\"property-view-gallery ere__loop-property_action-item\">\r\n    <i class=\"fa fa-camera\"><\/i>\r\n<\/a>\r\n<a href=\"javascript:void(0)\" class=\"property-favorite ere__loop-property_action-item\" data-property-id=\"10737\"\r\n   data-toggle=\"tooltip\"\r\n   title=\"Add to Favorite\"\r\n   data-title-not-favorite=\"Add to Favorite\"\r\n   data-title-favorited=\"It is my favorite\"\r\n   data-icon-not-favorite=\"fa fa-star-o\"\r\n   data-icon-favorited=\"fa fa-star\">\r\n    <i class=\"fa fa-star-o\"><\/i>\r\n<\/a>\r\n<a class=\"compare-property ere__loop-property_action-item\" href=\"javascript:void(0)\"\r\n   data-property-id=\"10737\" data-toggle=\"tooltip\"\r\n   title=\"Compare\">\r\n    <i class=\"fa fa-plus\"><\/i>\r\n<\/a>\r\n<\/div><div class=\"ere__loop-property-badge ere__lpb-status\">\r\n                    <span style=\"--ere-loop-property-badge-bg-color:#ce7f79\" class=\"ere__loop-property-badge-item ere__term-status en-venta\" >\r\n            <span class=\"ere__lpbi-inner\">\r\n                En Venta            <\/span>\r\n        <\/span>\r\n    <\/div>\r\n<a class=\"property-link\" href=\"https:\/\/360peninsula.com\/2021\/?property=gran-desarrollo-de-apartamento-en-playa-del-carmen\" title=\"Gran Desarrollo de Apartamento en Playa del Carmen.\"><\/a>\r\n<\/div>\r\n\r\n\t\t<div class=\"property-item-content\">\n\t\t\t<div class=\"property-heading\">\n                <h2 class=\"property-title\">\n    <a href=\"https:\/\/360peninsula.com\/2021\/?property=gran-desarrollo-de-apartamento-en-playa-del-carmen\" title=\"Gran Desarrollo de Apartamento en Playa del Carmen.\">Gran Desarrollo de Apartamento en Playa del Carmen.<\/a>\n<\/h2>\n\t<span class=\"property-price ere__loop-property-price\">\n\t\t\t\t$3,400,000\t\t\t\t\t<span class=\"property-price-postfix\">\/ MXN<\/span>\n\t\t\t<\/span>\n\t\t\t<\/div>\n            <div class=\"property-element-inline\">\r\n    <div class=\"property-type-list\"><i class=\"fa fa-tag\"><\/i><a href=\"https:\/\/360peninsula.com\/2021\/?property-type=departamento\" rel=\"tag\">Departamento<\/a><\/div><div class=\"property-date\">\r\n    <i class=\"fa fa-calendar\"><\/i>\r\n     5 years ago<\/div>\r\n<\/div>\r\n<div class=\"property-excerpt\">\r\n    <p>Desarrollo inmobiliario en Playa del Carmen, a menos de 5 min de la Quinta Avenida y Mar Caribe. El proyecto est\u00e1 conformado por 60 lujosos apartamentos que var\u00edan en tama\u00f1o desde 83.27 m2 hasta 131.33 m2, a partir de $3,400,000. Cada una de los departamentos est\u00e1 totalmente amueblada. Debido a su dise\u00f1o arquitect\u00f3nico exclusivo y &hellip;<\/p>\n<\/div>\r\n<div class=\"ere__loop-property-info property-info layout-1\">\r\n    <div class=\"property-info-inner\">\r\n        <div class=\"ere__loop-property-info-item property-area\" data-toggle=\"tooltip\" title=\"Size\">\r\n    <i class=\"fa fa-arrows\"><\/i>\r\n    <div class=\"ere__lpi-content\">\r\n        <span class=\"ere__lpi-value\">83.27 m<sup>2<\/sup><\/span>\r\n        <span class=\"ere__lpi-label\">Size<\/span>\r\n    <\/div>\r\n<\/div>\r\n\r\n    <\/div>\r\n<\/div>\r\n\n\t\t<\/div>\n\t<\/div>\n<\/div>                    <div class=\"ere-item-wrap property-item mg-bottom-30\">\n\t<div class=\"property-inner\">\n        <div class=\"property-image\">\r\n    <img loading=\"lazy\" decoding=\"async\" width=\"330\"\r\n     height=\"220\"\r\n     src=\"https:\/\/360peninsula.com\/2021\/wp-content\/uploads\/2021\/09\/05-4-330x220.jpg\"\r\n     onerror=\"this.src = 'https:\/\/360peninsula.com\/2021\/wp-content\/uploads\/2021\/07\/map-marker-icon-copy-330x220.png';\"\r\n     alt=\"Hermoso Departamento en Playa del Carmen.\"\r\n     title=\"Hermoso Departamento en Playa del Carmen.\">\r\n\r\n<div class=\"ere__loop-property-action property-action\">\r\n    <a data-toggle=\"tooltip\"\r\n   title=\"(5) Photos\"\r\n   data-property-id=\"6678\"\r\n   href=\"javascript:void(0)\" class=\"property-view-gallery ere__loop-property_action-item\">\r\n    <i class=\"fa fa-camera\"><\/i>\r\n<\/a>\r\n<a href=\"javascript:void(0)\" class=\"property-favorite ere__loop-property_action-item\" data-property-id=\"6678\"\r\n   data-toggle=\"tooltip\"\r\n   title=\"Add to Favorite\"\r\n   data-title-not-favorite=\"Add to Favorite\"\r\n   data-title-favorited=\"It is my favorite\"\r\n   data-icon-not-favorite=\"fa fa-star-o\"\r\n   data-icon-favorited=\"fa fa-star\">\r\n    <i class=\"fa fa-star-o\"><\/i>\r\n<\/a>\r\n<a class=\"compare-property ere__loop-property_action-item\" href=\"javascript:void(0)\"\r\n   data-property-id=\"6678\" data-toggle=\"tooltip\"\r\n   title=\"Compare\">\r\n    <i class=\"fa fa-plus\"><\/i>\r\n<\/a>\r\n<\/div><div class=\"ere__loop-property-badge ere__lpb-status\">\r\n                    <span style=\"--ere-loop-property-badge-bg-color:#ce7f79\" class=\"ere__loop-property-badge-item ere__term-status en-venta\" >\r\n            <span class=\"ere__lpbi-inner\">\r\n                En Venta            <\/span>\r\n        <\/span>\r\n    <\/div>\r\n<a class=\"property-link\" href=\"https:\/\/360peninsula.com\/2021\/?property=hermoso-departamento-en-playa-del-carmen\" title=\"Hermoso Departamento en Playa del Carmen.\"><\/a>\r\n<\/div>\r\n\r\n\t\t<div class=\"property-item-content\">\n\t\t\t<div class=\"property-heading\">\n                <h2 class=\"property-title\">\n    <a href=\"https:\/\/360peninsula.com\/2021\/?property=hermoso-departamento-en-playa-del-carmen\" title=\"Hermoso Departamento en Playa del Carmen.\">Hermoso Departamento en Playa del Carmen.<\/a>\n<\/h2>\n\t<span class=\"property-price ere__loop-property-price\">\n\t\t\t\t$4,907,620\t\t\t\t\t<span class=\"property-price-postfix\">\/ MXN<\/span>\n\t\t\t<\/span>\n\t\t\t<\/div>\n            <div class=\"property-element-inline\">\r\n    <div class=\"property-type-list\"><i class=\"fa fa-tag\"><\/i><a href=\"https:\/\/360peninsula.com\/2021\/?property-type=departamento\" rel=\"tag\">Departamento<\/a><\/div><div class=\"property-date\">\r\n    <i class=\"fa fa-calendar\"><\/i>\r\n     5 years ago<\/div>\r\n<\/div>\r\n<div class=\"property-excerpt\">\r\n    <p>Hermoso departamento en Playa del Carmen puede ser una excelente decisi\u00f3n de compra, cuenta con las siguientes caracter\u00edsticas: Cocina integral con alacena Ba\u00f1o completo para sala, comedor y recamara secundaria. Sala comedor Recamara principal con closet y ba\u00f1o completo Recamara secundaria con closet Terraza Acabados: Cristal anti hurac\u00e1n Muro de acento con cantera gris Barra &hellip;<\/p>\n<\/div>\r\n<div class=\"ere__loop-property-info property-info layout-1\">\r\n    <div class=\"property-info-inner\">\r\n        <div class=\"ere__loop-property-info-item property-area\" data-toggle=\"tooltip\" title=\"Size\">\r\n    <i class=\"fa fa-arrows\"><\/i>\r\n    <div class=\"ere__lpi-content\">\r\n        <span class=\"ere__lpi-value\">98 m<sup>2<\/sup><\/span>\r\n        <span class=\"ere__lpi-label\">Size<\/span>\r\n    <\/div>\r\n<\/div>\r\n\r\n<div class=\"ere__loop-property-info-item property-bathrooms\" data-toggle=\"tooltip\" title=\"2.5 Bathrooms\">\r\n    <i class=\"fa fa-bath\"><\/i>\r\n    <div class=\"ere__lpi-content\">\r\n        <span class=\"ere__lpi-value\">2.5<\/span>\r\n        <span class=\"ere__lpi-label\">Bathrooms<\/span>\r\n    <\/div>\r\n<\/div>\r\n    <\/div>\r\n<\/div>\r\n\n\t\t<\/div>\n\t<\/div>\n<\/div>                    <div class=\"ere-item-wrap property-item mg-bottom-30\">\n\t<div class=\"property-inner\">\n        <div class=\"property-image\">\r\n    <img loading=\"lazy\" decoding=\"async\" width=\"330\"\r\n     height=\"220\"\r\n     src=\"https:\/\/360peninsula.com\/2021\/wp-content\/uploads\/2021\/09\/02-8-330x220.jpg\"\r\n     onerror=\"this.src = 'https:\/\/360peninsula.com\/2021\/wp-content\/uploads\/2021\/07\/map-marker-icon-copy-330x220.png';\"\r\n     alt=\"Ideal para construir la casa de playa de tus sue\u00f1os.\"\r\n     title=\"Ideal para construir la casa de playa de tus sue\u00f1os.\">\r\n\r\n<div class=\"ere__loop-property-action property-action\">\r\n    <a data-toggle=\"tooltip\"\r\n   title=\"(3) Photos\"\r\n   data-property-id=\"6672\"\r\n   href=\"javascript:void(0)\" class=\"property-view-gallery ere__loop-property_action-item\">\r\n    <i class=\"fa fa-camera\"><\/i>\r\n<\/a>\r\n<a href=\"javascript:void(0)\" class=\"property-favorite ere__loop-property_action-item\" data-property-id=\"6672\"\r\n   data-toggle=\"tooltip\"\r\n   title=\"Add to Favorite\"\r\n   data-title-not-favorite=\"Add to Favorite\"\r\n   data-title-favorited=\"It is my favorite\"\r\n   data-icon-not-favorite=\"fa fa-star-o\"\r\n   data-icon-favorited=\"fa fa-star\">\r\n    <i class=\"fa fa-star-o\"><\/i>\r\n<\/a>\r\n<a class=\"compare-property ere__loop-property_action-item\" href=\"javascript:void(0)\"\r\n   data-property-id=\"6672\" data-toggle=\"tooltip\"\r\n   title=\"Compare\">\r\n    <i class=\"fa fa-plus\"><\/i>\r\n<\/a>\r\n<\/div><div class=\"ere__loop-property-badge ere__lpb-status\">\r\n                    <span style=\"--ere-loop-property-badge-bg-color:#ce7f79\" class=\"ere__loop-property-badge-item ere__term-status en-venta\" >\r\n            <span class=\"ere__lpbi-inner\">\r\n                En Venta            <\/span>\r\n        <\/span>\r\n    <\/div>\r\n<a class=\"property-link\" href=\"https:\/\/360peninsula.com\/2021\/?property=ideal-para-construir-la-casa-de-playa-de-tus-suenos\" title=\"Ideal para construir la casa de playa de tus sue\u00f1os.\"><\/a>\r\n<\/div>\r\n\r\n\t\t<div class=\"property-item-content\">\n\t\t\t<div class=\"property-heading\">\n                <h2 class=\"property-title\">\n    <a href=\"https:\/\/360peninsula.com\/2021\/?property=ideal-para-construir-la-casa-de-playa-de-tus-suenos\" title=\"Ideal para construir la casa de playa de tus sue\u00f1os.\">Ideal para construir la casa de playa de tus sue\u00f1os.<\/a>\n<\/h2>\n\t<span class=\"property-price ere__loop-property-price\">\n\t\t\t\t$1,299,000\t\t\t\t\t<span class=\"property-price-postfix\">\/ USD<\/span>\n\t\t\t<\/span>\n\t\t\t<\/div>\n            <div class=\"property-element-inline\">\r\n    <div class=\"property-type-list\"><i class=\"fa fa-tag\"><\/i><a href=\"https:\/\/360peninsula.com\/2021\/?property-type=terreno\" rel=\"tag\">Terreno<\/a><\/div><div class=\"property-date\">\r\n    <i class=\"fa fa-calendar\"><\/i>\r\n     5 years ago<\/div>\r\n<\/div>\r\n<div class=\"property-excerpt\">\r\n    <p>Magnifico terreno en una de las playas m\u00e1s lindas de la RIviera Maya, este lote se encuentra en una comunidad privada con vigilancia privada las 24 hrs, perfecto para construir la casa de playa de tus sue\u00f1os. &nbsp;<\/p>\n<\/div>\r\n<div class=\"ere__loop-property-info property-info layout-1\">\r\n    <div class=\"property-info-inner\">\r\n        <div class=\"ere__loop-property-info-item property-area\" data-toggle=\"tooltip\" title=\"Size\">\r\n    <i class=\"fa fa-arrows\"><\/i>\r\n    <div class=\"ere__lpi-content\">\r\n        <span class=\"ere__lpi-value\">1,229 m<sup>2<\/sup><\/span>\r\n        <span class=\"ere__lpi-label\">Size<\/span>\r\n    <\/div>\r\n<\/div>\r\n\r\n    <\/div>\r\n<\/div>\r\n\n\t\t<\/div>\n\t<\/div>\n<\/div>                                            <\/div>\n                                <div class=\"property-paging-wrap\"\n                 data-admin-url=\"\/2021\/wp-admin\/admin-ajax.php?ere_property_paging_ajax_nonce=c56622b958\"\n                 data-layout=\"property-grid\"\n                 data-items-amount=\"10\"\n                 data-columns=\"4\"\n                 data-image-size=\"330x220\"\n                 data-columns-gap=\"col-gap-30\"\n                 data-view-all-link=\"\"\n                 data-property-type=\"\"\n                 data-property-status=\"\"\n                 data-property-feature=\"\"\n                 data-property-city=\"riviera-maya\"\n                 data-property-state=\"\"\n                 data-property-neighborhood=\"\"\n                 data-property-label=\"\"\n                 data-property-featured=\"false\"\n                 data-author-id=\"\"\n                 data-agent-id=\"\">\n                            <\/div>\n            <\/div>\n<\/div>\n\n<\/div>\n\t\t\t\t\t\t<\/div>\n\t\t\t\t<\/div>\n\t\t\t\t\t<\/div>\n\t\t<\/div>\n\t\t\t\t\t<\/div>\n\t\t<\/section>\n\t\t\t\t<\/div>\n\t\t","protected":false},"excerpt":{"rendered":"<p>RIVIERA MAYA<\/p>\n","protected":false},"author":1,"featured_media":0,"parent":0,"menu_order":0,"comment_status":"closed","ping_status":"closed","template":"","meta":{"_joinchat":[],"footnotes":""},"class_list":["post-5521","page","type-page","status-publish","hentry"],"_links":{"self":[{"href":"https:\/\/360peninsula.com\/2021\/index.php?rest_route=\/wp\/v2\/pages\/5521","targetHints":{"allow":["GET"]}}],"collection":[{"href":"https:\/\/360peninsula.com\/2021\/index.php?rest_route=\/wp\/v2\/pages"}],"about":[{"href":"https:\/\/360peninsula.com\/2021\/index.php?rest_route=\/wp\/v2\/types\/page"}],"author":[{"embeddable":true,"href":"https:\/\/360peninsula.com\/2021\/index.php?rest_route=\/wp\/v2\/users\/1"}],"replies":[{"embeddable":true,"href":"https:\/\/360peninsula.com\/2021\/index.php?rest_route=%2Fwp%2Fv2%2Fcomments&post=5521"}],"version-history":[{"count":7,"href":"https:\/\/360peninsula.com\/2021\/index.php?rest_route=\/wp\/v2\/pages\/5521\/revisions"}],"predecessor-version":[{"id":5552,"href":"https:\/\/360peninsula.com\/2021\/index.php?rest_route=\/wp\/v2\/pages\/5521\/revisions\/5552"}],"wp:attachment":[{"href":"https:\/\/360peninsula.com\/2021\/index.php?rest_route=%2Fwp%2Fv2%2Fmedia&parent=5521"}],"curies":[{"name":"wp","href":"https:\/\/api.w.org\/{rel}","templated":true}]}}