{"id":5479,"date":"2021-09-06T17:26:03","date_gmt":"2021-09-06T17:26:03","guid":{"rendered":"https:\/\/360peninsula.com\/2021\/?page_id=5479"},"modified":"2021-09-06T17:47:49","modified_gmt":"2021-09-06T17:47:49","slug":"cdmx","status":"publish","type":"page","link":"https:\/\/360peninsula.com\/2021\/?page_id=5479","title":{"rendered":"CDMX"},"content":{"rendered":"\t\t<div data-elementor-type=\"wp-page\" data-elementor-id=\"5479\" class=\"elementor elementor-5479\">\n\t\t\t\t\t\t<section class=\"elementor-section elementor-top-section elementor-element elementor-element-0313e40 elementor-section-full_width elementor-section-height-min-height elementor-section-height-default elementor-section-items-middle\" data-id=\"0313e40\" data-element_type=\"section\" data-e-type=\"section\" data-settings=\"{&quot;background_background&quot;:&quot;classic&quot;}\">\n\t\t\t\t\t\t\t<div class=\"elementor-background-overlay\"><\/div>\n\t\t\t\t\t\t\t<div class=\"elementor-container elementor-column-gap-extended\">\n\t\t\t\t\t<div class=\"elementor-column elementor-col-100 elementor-top-column elementor-element elementor-element-4f9c132\" data-id=\"4f9c132\" data-element_type=\"column\" data-e-type=\"column\">\n\t\t\t<div class=\"elementor-widget-wrap elementor-element-populated\">\n\t\t\t\t\t\t<div class=\"elementor-element elementor-element-22bc44d elementor-widget elementor-widget-heading\" data-id=\"22bc44d\" data-element_type=\"widget\" data-e-type=\"widget\" data-widget_type=\"heading.default\">\n\t\t\t\t<div class=\"elementor-widget-container\">\n\t\t\t\t\t<h2 class=\"elementor-heading-title elementor-size-large\">CDMX<\/h2>\t\t\t\t<\/div>\n\t\t\t\t<\/div>\n\t\t\t\t\t<\/div>\n\t\t<\/div>\n\t\t\t\t\t<\/div>\n\t\t<\/section>\n\t\t\t\t<section class=\"elementor-section elementor-top-section elementor-element elementor-element-7b2815f elementor-section-full_width elementor-section-height-default elementor-section-height-default\" data-id=\"7b2815f\" data-element_type=\"section\" data-e-type=\"section\">\n\t\t\t\t\t\t<div class=\"elementor-container elementor-column-gap-extended\">\n\t\t\t\t\t<div class=\"elementor-column elementor-col-100 elementor-top-column elementor-element elementor-element-57e8256\" data-id=\"57e8256\" data-element_type=\"column\" data-e-type=\"column\">\n\t\t\t<div class=\"elementor-widget-wrap elementor-element-populated\">\n\t\t\t\t\t\t<div class=\"elementor-element elementor-element-6f70a1e elementor-widget elementor-widget-shortcode\" data-id=\"6f70a1e\" data-element_type=\"widget\" data-e-type=\"widget\" data-widget_type=\"shortcode.default\">\n\t\t\t\t<div class=\"elementor-widget-container\">\n\t\t\t\t\t\t\t<div class=\"elementor-shortcode\"><div class=\"ere-property-wrap\">\n    <div class=\"ere-property clearfix property-grid \" >\n                            <div class=\"property-content col-gap-30 clearfix columns-4 columns-md-3 columns-sm-2 columns-xs-1 columns-mb-1\">\n                                <div class=\"ere-item-wrap property-item mg-bottom-30\">\n\t<div class=\"property-inner\">\n        <div class=\"property-image\">\r\n    <img fetchpriority=\"high\" decoding=\"async\" width=\"330\"\r\n     height=\"220\"\r\n     src=\"https:\/\/360peninsula.com\/2021\/wp-content\/uploads\/2021\/11\/04-2-330x220.jpg\"\r\n     onerror=\"this.src = 'https:\/\/360peninsula.com\/2021\/wp-content\/uploads\/2021\/07\/map-marker-icon-copy-330x220.png';\"\r\n     alt=\"Lindo departamento en Venta de 3 Rec\u00e1maras\"\r\n     title=\"Lindo departamento en Venta de 3 Rec\u00e1maras\">\r\n\r\n<div class=\"ere__loop-property-action property-action\">\r\n    <a data-toggle=\"tooltip\"\r\n   title=\"(10) Photos\"\r\n   data-property-id=\"10873\"\r\n   href=\"javascript:void(0)\" class=\"property-view-gallery ere__loop-property_action-item\">\r\n    <i class=\"fa fa-camera\"><\/i>\r\n<\/a>\r\n<a href=\"javascript:void(0)\" class=\"property-favorite ere__loop-property_action-item\" data-property-id=\"10873\"\r\n   data-toggle=\"tooltip\"\r\n   title=\"Add to Favorite\"\r\n   data-title-not-favorite=\"Add to Favorite\"\r\n   data-title-favorited=\"It is my favorite\"\r\n   data-icon-not-favorite=\"fa fa-star-o\"\r\n   data-icon-favorited=\"fa fa-star\">\r\n    <i class=\"fa fa-star-o\"><\/i>\r\n<\/a>\r\n<a class=\"compare-property ere__loop-property_action-item\" href=\"javascript:void(0)\"\r\n   data-property-id=\"10873\" data-toggle=\"tooltip\"\r\n   title=\"Compare\">\r\n    <i class=\"fa fa-plus\"><\/i>\r\n<\/a>\r\n<\/div><div class=\"ere__loop-property-badge ere__lpb-status\">\r\n                    <span style=\"--ere-loop-property-badge-bg-color:#ce7f79\" class=\"ere__loop-property-badge-item ere__term-status en-venta\" >\r\n            <span class=\"ere__lpbi-inner\">\r\n                En Venta            <\/span>\r\n        <\/span>\r\n    <\/div>\r\n<a class=\"property-link\" href=\"https:\/\/360peninsula.com\/2021\/?property=lindo-departamento-en-venta-de-3-recamaras\" title=\"Lindo departamento en Venta de 3 Rec\u00e1maras\"><\/a>\r\n<\/div>\r\n\r\n\t\t<div class=\"property-item-content\">\n\t\t\t<div class=\"property-heading\">\n                <h2 class=\"property-title\">\n    <a href=\"https:\/\/360peninsula.com\/2021\/?property=lindo-departamento-en-venta-de-3-recamaras\" title=\"Lindo departamento en Venta de 3 Rec\u00e1maras\">Lindo departamento en Venta de 3 Rec\u00e1maras<\/a>\n<\/h2>\n    <span class=\"property-price ere__loop-property-price\">\n\t\tPrice on call\t<\/span>\n\t\t\t<\/div>\n            <div class=\"property-location ere__loop-property-location\" title=\"Ciudad de M\u00e9xico, CDMX, M\u00e9xico\">\n\t<i class=\"fa fa-map-marker\"><\/i>\n\t<a target=\"_blank\" href=\"http:\/\/maps.google.com\/?q=Ciudad%20de%20M\u00e9xico,%20CDMX,%20M\u00e9xico\"><span>Ciudad de M\u00e9xico, CDMX, M\u00e9xico<\/span><\/a>\n<\/div>\n<div class=\"property-element-inline\">\r\n    <div class=\"property-type-list\"><i class=\"fa fa-tag\"><\/i><a href=\"https:\/\/360peninsula.com\/2021\/?property-type=departamento\" rel=\"tag\">Departamento<\/a><\/div><div class=\"property-agent\">\r\n    <a href=\"https:\/\/360peninsula.com\/2021\/?agent=peninsula-360\" title=\"Peninsula 360\">\r\n        <i class=\"fa fa-user\"><\/i>\r\n        <span>Peninsula 360<\/span>\r\n    <\/a>\r\n<\/div>\r\n<div class=\"property-date\">\r\n    <i class=\"fa fa-calendar\"><\/i>\r\n     4 years ago<\/div>\r\n<\/div>\r\n<div class=\"property-excerpt\">\r\n    <p>Lindo departamento en Venta de 3 Rec\u00e1maras en la del Valle Excelente departamento de 120m2 habitables: Sala comedor con balc\u00f3n cocina abierta 3 rec\u00e1maras con closet , 2 ba\u00f1os completos , rec\u00e1mara principal cuenta con su ba\u00f1o y balc\u00f3n , cuarto de lavado en el departamento tercera rec\u00e1mara con balc\u00f3n , cuarto de servicio en &hellip;<\/p>\n<\/div>\r\n<div class=\"ere__loop-property-info property-info layout-1\">\r\n    <div class=\"property-info-inner\">\r\n        <div class=\"ere__loop-property-info-item property-area\" data-toggle=\"tooltip\" title=\"Size\">\r\n    <i class=\"fa fa-arrows\"><\/i>\r\n    <div class=\"ere__lpi-content\">\r\n        <span class=\"ere__lpi-value\">120 m<sup>2<\/sup><\/span>\r\n        <span class=\"ere__lpi-label\">Size<\/span>\r\n    <\/div>\r\n<\/div>\r\n\r\n<div class=\"ere__loop-property-info-item property-bedrooms\" data-toggle=\"tooltip\" title=\"3 Bedrooms\">\r\n    <i class=\"fa fa-hotel\"><\/i>\r\n    <div class=\"ere__lpi-content\">\r\n        <span class=\"ere__lpi-value\">3<\/span>\r\n        <span class=\"ere__lpi-label\">Bedrooms<\/span>\r\n    <\/div>\r\n<\/div><div class=\"ere__loop-property-info-item property-bathrooms\" data-toggle=\"tooltip\" title=\"3.5 Bathrooms\">\r\n    <i class=\"fa fa-bath\"><\/i>\r\n    <div class=\"ere__lpi-content\">\r\n        <span class=\"ere__lpi-value\">3.5<\/span>\r\n        <span class=\"ere__lpi-label\">Bathrooms<\/span>\r\n    <\/div>\r\n<\/div>\r\n    <\/div>\r\n<\/div>\r\n\n\t\t<\/div>\n\t<\/div>\n<\/div>                    <div class=\"ere-item-wrap property-item mg-bottom-30\">\n\t<div class=\"property-inner\">\n        <div class=\"property-image\">\r\n    <img decoding=\"async\" width=\"330\"\r\n     height=\"220\"\r\n     src=\"https:\/\/360peninsula.com\/2021\/wp-content\/uploads\/2021\/09\/5f5066c2-ee37-4f61-b44f-db49edfd5eb3-1-330x220.jpg\"\r\n     onerror=\"this.src = 'https:\/\/360peninsula.com\/2021\/wp-content\/uploads\/2021\/07\/map-marker-icon-copy-330x220.png';\"\r\n     alt=\"Laureles Metepec\"\r\n     title=\"Laureles Metepec\">\r\n\r\n<div class=\"ere__loop-property-action property-action\">\r\n    <a data-toggle=\"tooltip\"\r\n   title=\"(7) Photos\"\r\n   data-property-id=\"6622\"\r\n   href=\"javascript:void(0)\" class=\"property-view-gallery ere__loop-property_action-item\">\r\n    <i class=\"fa fa-camera\"><\/i>\r\n<\/a>\r\n<a href=\"javascript:void(0)\" class=\"property-favorite ere__loop-property_action-item\" data-property-id=\"6622\"\r\n   data-toggle=\"tooltip\"\r\n   title=\"Add to Favorite\"\r\n   data-title-not-favorite=\"Add to Favorite\"\r\n   data-title-favorited=\"It is my favorite\"\r\n   data-icon-not-favorite=\"fa fa-star-o\"\r\n   data-icon-favorited=\"fa fa-star\">\r\n    <i class=\"fa fa-star-o\"><\/i>\r\n<\/a>\r\n<a class=\"compare-property ere__loop-property_action-item\" href=\"javascript:void(0)\"\r\n   data-property-id=\"6622\" data-toggle=\"tooltip\"\r\n   title=\"Compare\">\r\n    <i class=\"fa fa-plus\"><\/i>\r\n<\/a>\r\n<\/div><div class=\"ere__loop-property-badge ere__lpb-status\">\r\n                    <span style=\"--ere-loop-property-badge-bg-color:#ce7f79\" class=\"ere__loop-property-badge-item ere__term-status en-venta\" >\r\n            <span class=\"ere__lpbi-inner\">\r\n                En Venta            <\/span>\r\n        <\/span>\r\n    <\/div>\r\n<a class=\"property-link\" href=\"https:\/\/360peninsula.com\/2021\/?property=exclusivo-desarrollo-para-invertir\" title=\"Laureles Metepec\"><\/a>\r\n<\/div>\r\n\r\n\t\t<div class=\"property-item-content\">\n\t\t\t<div class=\"property-heading\">\n                <h2 class=\"property-title\">\n    <a href=\"https:\/\/360peninsula.com\/2021\/?property=exclusivo-desarrollo-para-invertir\" title=\"Laureles Metepec\">Laureles Metepec<\/a>\n<\/h2>\n    <span class=\"property-price ere__loop-property-price\">\n\t\tPrice on call\t<\/span>\n\t\t\t<\/div>\n            <div class=\"property-element-inline\">\r\n    <div class=\"property-type-list\"><i class=\"fa fa-tag\"><\/i><a href=\"https:\/\/360peninsula.com\/2021\/?property-type=casa\" rel=\"tag\">Casa<\/a>, <a href=\"https:\/\/360peninsula.com\/2021\/?property-type=desarrollo\" rel=\"tag\">Desarrollo<\/a><\/div><div class=\"property-date\">\r\n    <i class=\"fa fa-calendar\"><\/i>\r\n     5 years ago<\/div>\r\n<\/div>\r\n<div class=\"property-excerpt\">\r\n    <p>Hermoso desarrollo con una ubicaci\u00f3n inmejorable en Metepec!!! &nbsp;<\/p>\n<\/div>\r\n<div class=\"ere__loop-property-info property-info layout-1\">\r\n    <div class=\"property-info-inner\">\r\n            <\/div>\r\n<\/div>\r\n\n\t\t<\/div>\n\t<\/div>\n<\/div>                    <div class=\"ere-item-wrap property-item mg-bottom-30\">\n\t<div class=\"property-inner\">\n        <div class=\"property-image\">\r\n    <img decoding=\"async\" width=\"330\"\r\n     height=\"220\"\r\n     src=\"https:\/\/360peninsula.com\/2021\/wp-content\/uploads\/2021\/09\/01-6-330x220.jpg\"\r\n     onerror=\"this.src = 'https:\/\/360peninsula.com\/2021\/wp-content\/uploads\/2021\/07\/map-marker-icon-copy-330x220.png';\"\r\n     alt=\"Villas Lissandra CDMX\"\r\n     title=\"Villas Lissandra CDMX\">\r\n\r\n<div class=\"ere__loop-property-action property-action\">\r\n    <a data-toggle=\"tooltip\"\r\n   title=\"(5) Photos\"\r\n   data-property-id=\"6613\"\r\n   href=\"javascript:void(0)\" class=\"property-view-gallery ere__loop-property_action-item\">\r\n    <i class=\"fa fa-camera\"><\/i>\r\n<\/a>\r\n<a href=\"javascript:void(0)\" class=\"property-favorite ere__loop-property_action-item\" data-property-id=\"6613\"\r\n   data-toggle=\"tooltip\"\r\n   title=\"Add to Favorite\"\r\n   data-title-not-favorite=\"Add to Favorite\"\r\n   data-title-favorited=\"It is my favorite\"\r\n   data-icon-not-favorite=\"fa fa-star-o\"\r\n   data-icon-favorited=\"fa fa-star\">\r\n    <i class=\"fa fa-star-o\"><\/i>\r\n<\/a>\r\n<a class=\"compare-property ere__loop-property_action-item\" href=\"javascript:void(0)\"\r\n   data-property-id=\"6613\" data-toggle=\"tooltip\"\r\n   title=\"Compare\">\r\n    <i class=\"fa fa-plus\"><\/i>\r\n<\/a>\r\n<\/div><div class=\"ere__loop-property-badge ere__lpb-status\">\r\n                    <span style=\"--ere-loop-property-badge-bg-color:#ce7f79\" class=\"ere__loop-property-badge-item ere__term-status en-venta\" >\r\n            <span class=\"ere__lpbi-inner\">\r\n                En Venta            <\/span>\r\n        <\/span>\r\n    <\/div>\r\n<a class=\"property-link\" href=\"https:\/\/360peninsula.com\/2021\/?property=oportunidad-exclusiva-sobre-av-huayacan-2\" title=\"Villas Lissandra CDMX\"><\/a>\r\n<\/div>\r\n\r\n\t\t<div class=\"property-item-content\">\n\t\t\t<div class=\"property-heading\">\n                <h2 class=\"property-title\">\n    <a href=\"https:\/\/360peninsula.com\/2021\/?property=oportunidad-exclusiva-sobre-av-huayacan-2\" title=\"Villas Lissandra CDMX\">Villas Lissandra CDMX<\/a>\n<\/h2>\n    <span class=\"property-price ere__loop-property-price\">\n\t\tPrice on call\t<\/span>\n\t\t\t<\/div>\n            <div class=\"property-element-inline\">\r\n    <div class=\"property-type-list\"><i class=\"fa fa-tag\"><\/i><a href=\"https:\/\/360peninsula.com\/2021\/?property-type=casa\" rel=\"tag\">Casa<\/a>, <a href=\"https:\/\/360peninsula.com\/2021\/?property-type=desarrollo\" rel=\"tag\">Desarrollo<\/a><\/div><div class=\"property-date\">\r\n    <i class=\"fa fa-calendar\"><\/i>\r\n     5 years ago<\/div>\r\n<\/div>\r\n<div class=\"property-excerpt\">\r\n    <p>Adquiera su nuevo Hogar en CDMX &nbsp;<\/p>\n<\/div>\r\n<div class=\"ere__loop-property-info property-info layout-1\">\r\n    <div class=\"property-info-inner\">\r\n        <div class=\"ere__loop-property-info-item property-area\" data-toggle=\"tooltip\" title=\"Size\">\r\n    <i class=\"fa fa-arrows\"><\/i>\r\n    <div class=\"ere__lpi-content\">\r\n        <span class=\"ere__lpi-value\">132 m<sup>2<\/sup><\/span>\r\n        <span class=\"ere__lpi-label\">Size<\/span>\r\n    <\/div>\r\n<\/div>\r\n\r\n<div class=\"ere__loop-property-info-item property-bathrooms\" data-toggle=\"tooltip\" title=\"3.5 Bathrooms\">\r\n    <i class=\"fa fa-bath\"><\/i>\r\n    <div class=\"ere__lpi-content\">\r\n        <span class=\"ere__lpi-value\">3.5<\/span>\r\n        <span class=\"ere__lpi-label\">Bathrooms<\/span>\r\n    <\/div>\r\n<\/div>\r\n    <\/div>\r\n<\/div>\r\n\n\t\t<\/div>\n\t<\/div>\n<\/div>                                            <\/div>\n                                <div class=\"property-paging-wrap\"\n                 data-admin-url=\"\/2021\/wp-admin\/admin-ajax.php?ere_property_paging_ajax_nonce=c56622b958\"\n                 data-layout=\"property-grid\"\n                 data-items-amount=\"10\"\n                 data-columns=\"4\"\n                 data-image-size=\"330x220\"\n                 data-columns-gap=\"col-gap-30\"\n                 data-view-all-link=\"\"\n                 data-property-type=\"\"\n                 data-property-status=\"\"\n                 data-property-feature=\"\"\n                 data-property-city=\"ciudad-de-mexico\"\n                 data-property-state=\"\"\n                 data-property-neighborhood=\"\"\n                 data-property-label=\"\"\n                 data-property-featured=\"false\"\n                 data-author-id=\"\"\n                 data-agent-id=\"\">\n                            <\/div>\n            <\/div>\n<\/div>\n\n<\/div>\n\t\t\t\t\t\t<\/div>\n\t\t\t\t<\/div>\n\t\t\t\t\t<\/div>\n\t\t<\/div>\n\t\t\t\t\t<\/div>\n\t\t<\/section>\n\t\t\t\t<\/div>\n\t\t","protected":false},"excerpt":{"rendered":"<p>CDMX<\/p>\n","protected":false},"author":1,"featured_media":0,"parent":0,"menu_order":0,"comment_status":"closed","ping_status":"closed","template":"","meta":{"_joinchat":[],"footnotes":""},"class_list":["post-5479","page","type-page","status-publish","hentry"],"_links":{"self":[{"href":"https:\/\/360peninsula.com\/2021\/index.php?rest_route=\/wp\/v2\/pages\/5479","targetHints":{"allow":["GET"]}}],"collection":[{"href":"https:\/\/360peninsula.com\/2021\/index.php?rest_route=\/wp\/v2\/pages"}],"about":[{"href":"https:\/\/360peninsula.com\/2021\/index.php?rest_route=\/wp\/v2\/types\/page"}],"author":[{"embeddable":true,"href":"https:\/\/360peninsula.com\/2021\/index.php?rest_route=\/wp\/v2\/users\/1"}],"replies":[{"embeddable":true,"href":"https:\/\/360peninsula.com\/2021\/index.php?rest_route=%2Fwp%2Fv2%2Fcomments&post=5479"}],"version-history":[{"count":4,"href":"https:\/\/360peninsula.com\/2021\/index.php?rest_route=\/wp\/v2\/pages\/5479\/revisions"}],"predecessor-version":[{"id":5520,"href":"https:\/\/360peninsula.com\/2021\/index.php?rest_route=\/wp\/v2\/pages\/5479\/revisions\/5520"}],"wp:attachment":[{"href":"https:\/\/360peninsula.com\/2021\/index.php?rest_route=%2Fwp%2Fv2%2Fmedia&parent=5479"}],"curies":[{"name":"wp","href":"https:\/\/api.w.org\/{rel}","templated":true}]}}