{"id":3164,"date":"2021-07-02T21:34:18","date_gmt":"2021-07-02T21:34:18","guid":{"rendered":"https:\/\/360peninsula.com\/2021\/?page_id=3164"},"modified":"2021-09-08T18:39:23","modified_gmt":"2021-09-08T18:39:23","slug":"arquitectura","status":"publish","type":"page","link":"https:\/\/360peninsula.com\/2021\/?page_id=3164","title":{"rendered":"Arquitectura"},"content":{"rendered":"\t\t<div data-elementor-type=\"wp-page\" data-elementor-id=\"3164\" class=\"elementor elementor-3164\">\n\t\t\t\t\t\t<section class=\"elementor-section elementor-top-section elementor-element elementor-element-4a0f518 elementor-section-full_width elementor-section-height-min-height elementor-section-height-default elementor-section-items-middle\" data-id=\"4a0f518\" data-element_type=\"section\" data-e-type=\"section\" data-settings=\"{&quot;background_background&quot;:&quot;classic&quot;}\">\n\t\t\t\t\t\t\t<div class=\"elementor-background-overlay\"><\/div>\n\t\t\t\t\t\t\t<div class=\"elementor-container elementor-column-gap-extended\">\n\t\t\t\t\t<div class=\"elementor-column elementor-col-100 elementor-top-column elementor-element elementor-element-d102ca4\" data-id=\"d102ca4\" data-element_type=\"column\" data-e-type=\"column\">\n\t\t\t<div class=\"elementor-widget-wrap elementor-element-populated\">\n\t\t\t\t\t\t<div class=\"elementor-element elementor-element-abc3406 elementor-widget elementor-widget-heading\" data-id=\"abc3406\" data-element_type=\"widget\" data-e-type=\"widget\" data-widget_type=\"heading.default\">\n\t\t\t\t<div class=\"elementor-widget-container\">\n\t\t\t\t\t<h2 class=\"elementor-heading-title elementor-size-large\">ARQUITECTURA<\/h2>\t\t\t\t<\/div>\n\t\t\t\t<\/div>\n\t\t\t\t\t<\/div>\n\t\t<\/div>\n\t\t\t\t\t<\/div>\n\t\t<\/section>\n\t\t\t\t<section class=\"elementor-section elementor-top-section elementor-element elementor-element-239a177 elementor-section-full_width elementor-section-height-default elementor-section-height-default\" data-id=\"239a177\" data-element_type=\"section\" data-e-type=\"section\">\n\t\t\t\t\t\t<div class=\"elementor-container elementor-column-gap-default\">\n\t\t\t\t\t<div class=\"elementor-column elementor-col-100 elementor-top-column elementor-element elementor-element-a206bb8\" data-id=\"a206bb8\" data-element_type=\"column\" data-e-type=\"column\">\n\t\t\t<div class=\"elementor-widget-wrap elementor-element-populated\">\n\t\t\t\t\t\t<div class=\"elementor-element elementor-element-5d3df7b elementor-widget elementor-widget-nm-portfolio\" data-id=\"5d3df7b\" data-element_type=\"widget\" data-e-type=\"widget\" data-widget_type=\"nm-portfolio.default\">\n\t\t\t\t<div class=\"elementor-widget-container\">\n\t\t\t\t\t<div class=\"nm-portfolio-wrap\">\r\n\r\n<div class=\"nm-portfolio layout-standard no-categories\">\r\n    \r\n    <ul class=\"nm-portfolio-grid small-block-grid-1 medium-block-grid-2 large-block-grid-4\">\r\n<li class=\"arquitectura \">\r\n    <a href=\"https:\/\/360peninsula.com\/2021\/?portfolio=diseno-arquitectonico-proyeccion-y-construccion-desarrollo-residencial-laureles-cdmx\">\r\n        <div class=\"nm-portfolio-item-image\">\r\n            <img decoding=\"async\" src=\"https:\/\/360peninsula.com\/2021\/wp-content\/uploads\/2021\/09\/ARQUITECTURA-01-17.jpg\" \/><div class=\"nm-image-overlay\"><\/div>        <\/div>\r\n\r\n        <div class=\"nm-portfolio-item-details text-color-gray\">\r\n            <h2>DISE\u00d1O ARQUITECT\u00d3NICO, PROYECCI\u00d3N Y CONSTRUCCI\u00d3N DESARROLLO RESIDENCIAL | LAURELES CDMX<\/h2>            <p>Arquitectura<span>, <\/span><\/p>\r\n        <\/div>\r\n    <\/a>\r\n<\/li>\r\n\r\n<li class=\"arquitectura \">\r\n    <a href=\"https:\/\/360peninsula.com\/2021\/?portfolio=conjunto-de-departamentos-kumaru-playa-del-carmen-q-roo-2\">\r\n        <div class=\"nm-portfolio-item-image\">\r\n            <img decoding=\"async\" src=\"https:\/\/360peninsula.com\/2021\/wp-content\/uploads\/2021\/09\/ARQUITECTURA-01-6.jpg\" \/><div class=\"nm-image-overlay\"><\/div>        <\/div>\r\n\r\n        <div class=\"nm-portfolio-item-details text-color-gray\">\r\n            <h2>DISE\u00d1O ARQUITECT\u00d3NICO, PROYECCI\u00d3N Y CONSTRUCCI\u00d3N EN EL DESARROLLO RESIDENCIAL LYSSANDRA | CDMX<\/h2>            <p>Arquitectura<span>, <\/span><\/p>\r\n        <\/div>\r\n    <\/a>\r\n<\/li>\r\n    <\/ul>\r\n\r\n    <nav class=\"nm-portfolio-pagination\">\r\n        <\/nav>\r\n    \r\n<\/div>\r\n\r\n<\/div>\t\t\t\t<\/div>\n\t\t\t\t<\/div>\n\t\t\t\t\t<\/div>\n\t\t<\/div>\n\t\t\t\t\t<\/div>\n\t\t<\/section>\n\t\t\t\t<\/div>\n\t\t","protected":false},"excerpt":{"rendered":"<p>ARQUITECTURA DISE\u00d1O ARQUITECT\u00d3NICO EN LAGOS DEL SOL | CANC\u00daN Q. ROO Arquitectura, DISE\u00d1O ARQUITECT\u00d3NICO EN LAGOS DEL SOL | CANC\u00daN Q. ROO Arquitectura,<\/p>\n","protected":false},"author":1,"featured_media":0,"parent":0,"menu_order":0,"comment_status":"closed","ping_status":"closed","template":"","meta":{"_joinchat":[],"footnotes":""},"class_list":["post-3164","page","type-page","status-publish","hentry"],"_links":{"self":[{"href":"https:\/\/360peninsula.com\/2021\/index.php?rest_route=\/wp\/v2\/pages\/3164","targetHints":{"allow":["GET"]}}],"collection":[{"href":"https:\/\/360peninsula.com\/2021\/index.php?rest_route=\/wp\/v2\/pages"}],"about":[{"href":"https:\/\/360peninsula.com\/2021\/index.php?rest_route=\/wp\/v2\/types\/page"}],"author":[{"embeddable":true,"href":"https:\/\/360peninsula.com\/2021\/index.php?rest_route=\/wp\/v2\/users\/1"}],"replies":[{"embeddable":true,"href":"https:\/\/360peninsula.com\/2021\/index.php?rest_route=%2Fwp%2Fv2%2Fcomments&post=3164"}],"version-history":[{"count":16,"href":"https:\/\/360peninsula.com\/2021\/index.php?rest_route=\/wp\/v2\/pages\/3164\/revisions"}],"predecessor-version":[{"id":6292,"href":"https:\/\/360peninsula.com\/2021\/index.php?rest_route=\/wp\/v2\/pages\/3164\/revisions\/6292"}],"wp:attachment":[{"href":"https:\/\/360peninsula.com\/2021\/index.php?rest_route=%2Fwp%2Fv2%2Fmedia&parent=3164"}],"curies":[{"name":"wp","href":"https:\/\/api.w.org\/{rel}","templated":true}]}}