{"id":3129,"date":"2021-07-02T20:07:16","date_gmt":"2021-07-02T20:07:16","guid":{"rendered":"https:\/\/360peninsula.com\/2021\/?page_id=3129"},"modified":"2022-06-23T13:42:17","modified_gmt":"2022-06-23T13:42:17","slug":"urbanizacion-y-vialidades","status":"publish","type":"page","link":"https:\/\/360peninsula.com\/2021\/?page_id=3129","title":{"rendered":"Urbanizaci\u00f3n y Vialidades"},"content":{"rendered":"\t\t<div data-elementor-type=\"wp-page\" data-elementor-id=\"3129\" class=\"elementor elementor-3129\">\n\t\t\t\t\t\t<section class=\"elementor-section elementor-top-section elementor-element elementor-element-4a0f518 elementor-section-full_width elementor-section-height-min-height elementor-section-height-default elementor-section-items-middle\" data-id=\"4a0f518\" data-element_type=\"section\" data-e-type=\"section\" data-settings=\"{&quot;background_background&quot;:&quot;classic&quot;}\">\n\t\t\t\t\t\t\t<div class=\"elementor-background-overlay\"><\/div>\n\t\t\t\t\t\t\t<div class=\"elementor-container elementor-column-gap-extended\">\n\t\t\t\t\t<div class=\"elementor-column elementor-col-100 elementor-top-column elementor-element elementor-element-d102ca4\" data-id=\"d102ca4\" data-element_type=\"column\" data-e-type=\"column\">\n\t\t\t<div class=\"elementor-widget-wrap elementor-element-populated\">\n\t\t\t\t\t\t<div class=\"elementor-element elementor-element-abc3406 elementor-widget elementor-widget-heading\" data-id=\"abc3406\" data-element_type=\"widget\" data-e-type=\"widget\" data-widget_type=\"heading.default\">\n\t\t\t\t<div class=\"elementor-widget-container\">\n\t\t\t\t\t<h2 class=\"elementor-heading-title elementor-size-large\">URBANIZACI\u00d3N &amp; VIALIDADES<\/h2>\t\t\t\t<\/div>\n\t\t\t\t<\/div>\n\t\t\t\t\t<\/div>\n\t\t<\/div>\n\t\t\t\t\t<\/div>\n\t\t<\/section>\n\t\t\t\t<section class=\"elementor-section elementor-top-section elementor-element elementor-element-fa3624d elementor-section-full_width elementor-section-height-default elementor-section-height-default\" data-id=\"fa3624d\" data-element_type=\"section\" data-e-type=\"section\">\n\t\t\t\t\t\t<div class=\"elementor-container elementor-column-gap-default\">\n\t\t\t\t\t<div class=\"elementor-column elementor-col-100 elementor-top-column elementor-element elementor-element-a9e7eee\" data-id=\"a9e7eee\" data-element_type=\"column\" data-e-type=\"column\">\n\t\t\t<div class=\"elementor-widget-wrap elementor-element-populated\">\n\t\t\t\t\t\t<div class=\"elementor-element elementor-element-fd6c6ad elementor-widget elementor-widget-text-editor\" data-id=\"fd6c6ad\" data-element_type=\"widget\" data-e-type=\"widget\" data-widget_type=\"text-editor.default\">\n\t\t\t\t<div class=\"elementor-widget-container\">\n\t\t\t\t\t\t\t\t\t<p class=\"p1\">Dise\u00f1amos y edificamos proyectos arquitect\u00f3nicos innovadores que mejoran la calidad, el bienestar y el desempe\u00f1o de sus usuarios creando espacios que otorgan el car\u00e1cter individual o corporativo de cada proyecto apostando por la mejora del rendimiento y uso de cada ambiente a crear, abstrayendo los valores e identidad del cliente y analizando sus necesidades. Utilizando nuestra experiencia multidisciplinar, junto con las nuevas tecnolog\u00edas en arquitectura , imprimimos cada proyecto con su propia identidad: c\u00f3moda y \u00fanica.<\/p><p class=\"p1\">Nuestra amplia experiencia y profesionalismo en conjunto con un equipo de colaboradores de ideas j\u00f3venes y vanguardistas, en constante capacitaci\u00f3n en las m\u00e1s nuevas t\u00e9cnicas y disciplinas nos posiciona en el eje de la competitividad garantizando as\u00ed el \u00e9xito de tu inversi\u00f3n en construcci\u00f3n.<\/p>\t\t\t\t\t\t\t\t<\/div>\n\t\t\t\t<\/div>\n\t\t\t\t<div class=\"elementor-element elementor-element-6ac4647 elementor-widget elementor-widget-nm-portfolio\" data-id=\"6ac4647\" data-element_type=\"widget\" data-e-type=\"widget\" data-widget_type=\"nm-portfolio.default\">\n\t\t\t\t<div class=\"elementor-widget-container\">\n\t\t\t\t\t<div class=\"nm-portfolio-wrap\">\r\n\r\n<div class=\"nm-portfolio layout-standard no-categories\">\r\n    \r\n    <ul class=\"nm-portfolio-grid small-block-grid-1 medium-block-grid-2 large-block-grid-4\">\r\n<li class=\"urbanizacion-y-vialidades \">\r\n    <a href=\"https:\/\/360peninsula.com\/2021\/?portfolio=magno-excavaciones\">\r\n        <div class=\"nm-portfolio-item-image\">\r\n            <span class=\"nm-img-placeholder\"><\/span><div class=\"nm-image-overlay\"><\/div>        <\/div>\r\n\r\n        <div class=\"nm-portfolio-item-details text-color-gray\">\r\n            <h2>MAGNO EXCAVACIONES<\/h2>            <p>Urbanizaci\u00f3n y Vialidades<span>, <\/span><\/p>\r\n        <\/div>\r\n    <\/a>\r\n<\/li>\r\n\r\n<li class=\"urbanizacion-y-vialidades \">\r\n    <a href=\"https:\/\/360peninsula.com\/2021\/?portfolio=urbanizacion\">\r\n        <div class=\"nm-portfolio-item-image\">\r\n            <span class=\"nm-img-placeholder\"><\/span><div class=\"nm-image-overlay\"><\/div>        <\/div>\r\n\r\n        <div class=\"nm-portfolio-item-details text-color-gray\">\r\n            <h2>URBANIZACI\u00d3N<\/h2>            <p>Urbanizaci\u00f3n y Vialidades<span>, <\/span><\/p>\r\n        <\/div>\r\n    <\/a>\r\n<\/li>\r\n\r\n<li class=\"urbanizacion-y-vialidades \">\r\n    <a href=\"https:\/\/360peninsula.com\/2021\/?portfolio=construccion-de-estructuras-metalicas\">\r\n        <div class=\"nm-portfolio-item-image\">\r\n            <span class=\"nm-img-placeholder\"><\/span><div class=\"nm-image-overlay\"><\/div>        <\/div>\r\n\r\n        <div class=\"nm-portfolio-item-details text-color-gray\">\r\n            <h2>CONSTRUCCI\u00d3N DE ESTRUCTURAS MET\u00c1LICAS<\/h2>            <p>Urbanizaci\u00f3n y Vialidades<span>, <\/span><\/p>\r\n        <\/div>\r\n    <\/a>\r\n<\/li>\r\n\r\n<li class=\"urbanizacion-y-vialidades \">\r\n    <a href=\"https:\/\/360peninsula.com\/2021\/?portfolio=construccion-de-edificios-gubernamentales\">\r\n        <div class=\"nm-portfolio-item-image\">\r\n            <span class=\"nm-img-placeholder\"><\/span><div class=\"nm-image-overlay\"><\/div>        <\/div>\r\n\r\n        <div class=\"nm-portfolio-item-details text-color-gray\">\r\n            <h2>CONSTRUCCION DE EDIFICIOS GUBERNAMENTALES<\/h2>            <p>Urbanizaci\u00f3n y Vialidades<span>, <\/span><\/p>\r\n        <\/div>\r\n    <\/a>\r\n<\/li>\r\n\r\n<li class=\"urbanizacion-y-vialidades \">\r\n    <a href=\"https:\/\/360peninsula.com\/2021\/?portfolio=proyectos-y-edificaciones-obra-publica\">\r\n        <div class=\"nm-portfolio-item-image\">\r\n            <span class=\"nm-img-placeholder\"><\/span><div class=\"nm-image-overlay\"><\/div>        <\/div>\r\n\r\n        <div class=\"nm-portfolio-item-details text-color-gray\">\r\n            <h2>PROYECTOS Y EDIFICACIONES OBRA P\u00daBLICA<\/h2>            <p>Urbanizaci\u00f3n y Vialidades<span>, <\/span><\/p>\r\n        <\/div>\r\n    <\/a>\r\n<\/li>\r\n\r\n<li class=\"urbanizacion-y-vialidades \">\r\n    <a href=\"https:\/\/360peninsula.com\/2021\/?portfolio=terracerias-y-pavimentacion\">\r\n        <div class=\"nm-portfolio-item-image\">\r\n            <span class=\"nm-img-placeholder\"><\/span><div class=\"nm-image-overlay\"><\/div>        <\/div>\r\n\r\n        <div class=\"nm-portfolio-item-details text-color-gray\">\r\n            <h2>TERRACER\u00cdAS Y PAVIMENTACION<\/h2>            <p>Urbanizaci\u00f3n y Vialidades<span>, <\/span><\/p>\r\n        <\/div>\r\n    <\/a>\r\n<\/li>\r\n\r\n<li class=\"urbanizacion-y-vialidades \">\r\n    <a href=\"https:\/\/360peninsula.com\/2021\/?portfolio=plataformas-y-vialidades\">\r\n        <div class=\"nm-portfolio-item-image\">\r\n            <span class=\"nm-img-placeholder\"><\/span><div class=\"nm-image-overlay\"><\/div>        <\/div>\r\n\r\n        <div class=\"nm-portfolio-item-details text-color-gray\">\r\n            <h2>PLATAFORMAS Y VIALIDADES<\/h2>            <p>Urbanizaci\u00f3n y Vialidades<span>, <\/span><\/p>\r\n        <\/div>\r\n    <\/a>\r\n<\/li>\r\n\r\n<li class=\"urbanizacion-y-vialidades \">\r\n    <a href=\"https:\/\/360peninsula.com\/2021\/?portfolio=construccion-de-carcamos-de-aguas-residuales\">\r\n        <div class=\"nm-portfolio-item-image\">\r\n            <span class=\"nm-img-placeholder\"><\/span><div class=\"nm-image-overlay\"><\/div>        <\/div>\r\n\r\n        <div class=\"nm-portfolio-item-details text-color-gray\">\r\n            <h2>CONSTRUCCI\u00d3N DE C\u00c1RCAMOS DE AGUAS RESIDUALES<\/h2>            <p>Urbanizaci\u00f3n y Vialidades<span>, <\/span><\/p>\r\n        <\/div>\r\n    <\/a>\r\n<\/li>\r\n\r\n<li class=\"urbanizacion-y-vialidades \">\r\n    <a href=\"https:\/\/360peninsula.com\/2021\/?portfolio=instalaciones-electricas-de-media-y-alta-tension\">\r\n        <div class=\"nm-portfolio-item-image\">\r\n            <span class=\"nm-img-placeholder\"><\/span><div class=\"nm-image-overlay\"><\/div>        <\/div>\r\n\r\n        <div class=\"nm-portfolio-item-details text-color-gray\">\r\n            <h2>INSTALACIONES EL\u00c9CTRICAS DE MEDIA Y ALTA TENSI\u00d3N<\/h2>            <p>Urbanizaci\u00f3n y Vialidades<span>, <\/span><\/p>\r\n        <\/div>\r\n    <\/a>\r\n<\/li>\r\n\r\n<li class=\"urbanizacion-y-vialidades \">\r\n    <a href=\"https:\/\/360peninsula.com\/2021\/?portfolio=infraestructura-hidraulica\">\r\n        <div class=\"nm-portfolio-item-image\">\r\n            <span class=\"nm-img-placeholder\"><\/span><div class=\"nm-image-overlay\"><\/div>        <\/div>\r\n\r\n        <div class=\"nm-portfolio-item-details text-color-gray\">\r\n            <h2>INFRAESTRUCTURA HIDR\u00c1ULICA<\/h2>            <p>Urbanizaci\u00f3n y Vialidades<span>, <\/span><\/p>\r\n        <\/div>\r\n    <\/a>\r\n<\/li>\r\n\r\n<li class=\"urbanizacion-y-vialidades \">\r\n    <a href=\"https:\/\/360peninsula.com\/2021\/?portfolio=edificacion-de-casas-en-serie\">\r\n        <div class=\"nm-portfolio-item-image\">\r\n            <span class=\"nm-img-placeholder\"><\/span><div class=\"nm-image-overlay\"><\/div>        <\/div>\r\n\r\n        <div class=\"nm-portfolio-item-details text-color-gray\">\r\n            <h2>EDIFICACION DE CASAS EN SERIE<\/h2>            <p>Urbanizaci\u00f3n y Vialidades<span>, <\/span><\/p>\r\n        <\/div>\r\n    <\/a>\r\n<\/li>\r\n\r\n<li class=\"urbanizacion-y-vialidades \">\r\n    <a href=\"https:\/\/360peninsula.com\/2021\/?portfolio=concreto-hidraulico-asfaltico-y-estampado\">\r\n        <div class=\"nm-portfolio-item-image\">\r\n            <span class=\"nm-img-placeholder\"><\/span><div class=\"nm-image-overlay\"><\/div>        <\/div>\r\n\r\n        <div class=\"nm-portfolio-item-details text-color-gray\">\r\n            <h2>CONCRETO HIDRAULICO, ASFALTICO Y ESTAMPADO<\/h2>            <p>Urbanizaci\u00f3n y Vialidades<span>, <\/span><\/p>\r\n        <\/div>\r\n    <\/a>\r\n<\/li>\r\n    <\/ul>\r\n\r\n    <nav class=\"nm-portfolio-pagination\">\r\n        <\/nav>\r\n    \r\n<\/div>\r\n\r\n<\/div>\t\t\t\t<\/div>\n\t\t\t\t<\/div>\n\t\t\t\t\t<\/div>\n\t\t<\/div>\n\t\t\t\t\t<\/div>\n\t\t<\/section>\n\t\t\t\t<\/div>\n\t\t","protected":false},"excerpt":{"rendered":"<p>URBANIZACI\u00d3N &#038; VIALIDADES Dise\u00f1amos y edificamos proyectos arquitect\u00f3nicos innovadores que mejoran la calidad, el bienestar y el desempe\u00f1o de sus usuarios creando espacios que otorgan el car\u00e1cter individual o corporativo de cada proyecto apostando por la mejora del rendimiento y uso de cada ambiente a crear, abstrayendo los valores e identidad del cliente y analizando &hellip;<\/p>\n","protected":false},"author":1,"featured_media":0,"parent":0,"menu_order":0,"comment_status":"closed","ping_status":"closed","template":"","meta":{"_joinchat":[],"footnotes":""},"class_list":["post-3129","page","type-page","status-publish","hentry"],"_links":{"self":[{"href":"https:\/\/360peninsula.com\/2021\/index.php?rest_route=\/wp\/v2\/pages\/3129","targetHints":{"allow":["GET"]}}],"collection":[{"href":"https:\/\/360peninsula.com\/2021\/index.php?rest_route=\/wp\/v2\/pages"}],"about":[{"href":"https:\/\/360peninsula.com\/2021\/index.php?rest_route=\/wp\/v2\/types\/page"}],"author":[{"embeddable":true,"href":"https:\/\/360peninsula.com\/2021\/index.php?rest_route=\/wp\/v2\/users\/1"}],"replies":[{"embeddable":true,"href":"https:\/\/360peninsula.com\/2021\/index.php?rest_route=%2Fwp%2Fv2%2Fcomments&post=3129"}],"version-history":[{"count":25,"href":"https:\/\/360peninsula.com\/2021\/index.php?rest_route=\/wp\/v2\/pages\/3129\/revisions"}],"predecessor-version":[{"id":10944,"href":"https:\/\/360peninsula.com\/2021\/index.php?rest_route=\/wp\/v2\/pages\/3129\/revisions\/10944"}],"wp:attachment":[{"href":"https:\/\/360peninsula.com\/2021\/index.php?rest_route=%2Fwp%2Fv2%2Fmedia&parent=3129"}],"curies":[{"name":"wp","href":"https:\/\/api.w.org\/{rel}","templated":true}]}}