{"id":2957,"date":"2021-07-01T13:39:25","date_gmt":"2021-07-01T13:39:25","guid":{"rendered":"https:\/\/360peninsula.com\/2021\/?page_id=2957"},"modified":"2021-09-08T16:40:32","modified_gmt":"2021-09-08T16:40:32","slug":"diseno-de-interiores","status":"publish","type":"page","link":"https:\/\/360peninsula.com\/2021\/?page_id=2957","title":{"rendered":"Dise\u00f1o de Interiores"},"content":{"rendered":"\t\t<div data-elementor-type=\"wp-page\" data-elementor-id=\"2957\" class=\"elementor elementor-2957\">\n\t\t\t\t\t\t<section class=\"elementor-section elementor-top-section elementor-element elementor-element-4a0f518 elementor-section-full_width elementor-section-height-min-height elementor-section-height-default elementor-section-items-middle\" data-id=\"4a0f518\" data-element_type=\"section\" data-e-type=\"section\" data-settings=\"{&quot;background_background&quot;:&quot;classic&quot;}\">\n\t\t\t\t\t\t\t<div class=\"elementor-background-overlay\"><\/div>\n\t\t\t\t\t\t\t<div class=\"elementor-container elementor-column-gap-extended\">\n\t\t\t\t\t<div class=\"elementor-column elementor-col-100 elementor-top-column elementor-element elementor-element-d102ca4\" data-id=\"d102ca4\" data-element_type=\"column\" data-e-type=\"column\">\n\t\t\t<div class=\"elementor-widget-wrap elementor-element-populated\">\n\t\t\t\t\t\t<div class=\"elementor-element elementor-element-abc3406 elementor-widget elementor-widget-heading\" data-id=\"abc3406\" data-element_type=\"widget\" data-e-type=\"widget\" data-widget_type=\"heading.default\">\n\t\t\t\t<div class=\"elementor-widget-container\">\n\t\t\t\t\t<h2 class=\"elementor-heading-title elementor-size-large\">DISE\u00d1O DE INTERIORES<\/h2>\t\t\t\t<\/div>\n\t\t\t\t<\/div>\n\t\t\t\t\t<\/div>\n\t\t<\/div>\n\t\t\t\t\t<\/div>\n\t\t<\/section>\n\t\t\t\t<section class=\"elementor-section elementor-top-section elementor-element elementor-element-9ed907a elementor-section-full_width elementor-section-height-default elementor-section-height-default\" data-id=\"9ed907a\" data-element_type=\"section\" data-e-type=\"section\">\n\t\t\t\t\t\t<div class=\"elementor-container elementor-column-gap-default\">\n\t\t\t\t\t<div class=\"elementor-column elementor-col-100 elementor-top-column elementor-element elementor-element-614cd03\" data-id=\"614cd03\" data-element_type=\"column\" data-e-type=\"column\">\n\t\t\t<div class=\"elementor-widget-wrap elementor-element-populated\">\n\t\t\t\t\t\t<div class=\"elementor-element elementor-element-ad6c82a elementor-widget elementor-widget-nm-portfolio\" data-id=\"ad6c82a\" data-element_type=\"widget\" data-e-type=\"widget\" data-widget_type=\"nm-portfolio.default\">\n\t\t\t\t<div class=\"elementor-widget-container\">\n\t\t\t\t\t<div class=\"nm-portfolio-wrap\">\r\n\r\n<div class=\"nm-portfolio layout-standard no-categories\">\r\n    \r\n    <ul class=\"nm-portfolio-grid small-block-grid-1 medium-block-grid-2 large-block-grid-4\">\r\n<li class=\"diseno-de-interiores \">\r\n    <a href=\"https:\/\/360peninsula.com\/2021\/?portfolio=diseno-de-interiores-condos-baiha-tulum\">\r\n        <div class=\"nm-portfolio-item-image\">\r\n            <img decoding=\"async\" src=\"https:\/\/360peninsula.com\/2021\/wp-content\/uploads\/2021\/09\/726c4ca4-49e5-4b87-a5ed-f8f7fcf9134c-e1631119338506.jpg\" \/><div class=\"nm-image-overlay\"><\/div>        <\/div>\r\n\r\n        <div class=\"nm-portfolio-item-details text-color-gray\">\r\n            <h2>DISE\u00d1O DE INTERIORES | CONDOS BAIHA TULUM<\/h2>            <p>Dise\u00f1o de Interiores<span>, <\/span><\/p>\r\n        <\/div>\r\n    <\/a>\r\n<\/li>\r\n\r\n<li class=\"diseno-de-interiores \">\r\n    <a href=\"https:\/\/360peninsula.com\/2021\/?portfolio=24-lounge\">\r\n        <div class=\"nm-portfolio-item-image\">\r\n            <img decoding=\"async\" src=\"https:\/\/360peninsula.com\/2021\/wp-content\/uploads\/2021\/07\/1-9.jpeg\" \/><div class=\"nm-image-overlay\"><\/div>        <\/div>\r\n\r\n        <div class=\"nm-portfolio-item-details text-color-gray\">\r\n            <h2>24 LOUNGE | HILTON PLAYA DEL CARMEN<\/h2>            <p>Dise\u00f1o de Interiores<span>, <\/span><\/p>\r\n        <\/div>\r\n    <\/a>\r\n<\/li>\r\n\r\n<li class=\"diseno-de-interiores \">\r\n    <a href=\"https:\/\/360peninsula.com\/2021\/?portfolio=habitaciones-4\">\r\n        <div class=\"nm-portfolio-item-image\">\r\n            <img decoding=\"async\" src=\"https:\/\/360peninsula.com\/2021\/wp-content\/uploads\/2021\/07\/16.jpeg\" \/><div class=\"nm-image-overlay\"><\/div>        <\/div>\r\n\r\n        <div class=\"nm-portfolio-item-details text-color-gray\">\r\n            <h2>HABITACIONES | HILTON PLAYA DEL CARMEN<\/h2>            <p>Dise\u00f1o de Interiores<span>, <\/span><\/p>\r\n        <\/div>\r\n    <\/a>\r\n<\/li>\r\n\r\n<li class=\"diseno-de-interiores \">\r\n    <a href=\"https:\/\/360peninsula.com\/2021\/?portfolio=habitaciones-3\">\r\n        <div class=\"nm-portfolio-item-image\">\r\n            <img decoding=\"async\" src=\"https:\/\/360peninsula.com\/2021\/wp-content\/uploads\/2021\/07\/5-1.jpeg\" \/><div class=\"nm-image-overlay\"><\/div>        <\/div>\r\n\r\n        <div class=\"nm-portfolio-item-details text-color-gray\">\r\n            <h2>HABITACIONES | PANAMA JACK PLAYA DEL CARMEN<\/h2>            <p>Dise\u00f1o de Interiores<span>, <\/span><\/p>\r\n        <\/div>\r\n    <\/a>\r\n<\/li>\r\n\r\n<li class=\"diseno-de-interiores \">\r\n    <a href=\"https:\/\/360peninsula.com\/2021\/?portfolio=spa\">\r\n        <div class=\"nm-portfolio-item-image\">\r\n            <img decoding=\"async\" src=\"https:\/\/360peninsula.com\/2021\/wp-content\/uploads\/2021\/07\/1.jpeg\" \/><div class=\"nm-image-overlay\"><\/div>        <\/div>\r\n\r\n        <div class=\"nm-portfolio-item-details text-color-gray\">\r\n            <h2>GIMNASIO | HILTON PLAYA DEL CARMEN<\/h2>            <p>Dise\u00f1o de Interiores<span>, <\/span><\/p>\r\n        <\/div>\r\n    <\/a>\r\n<\/li>\r\n\r\n<li class=\"diseno-de-interiores \">\r\n    <a href=\"https:\/\/360peninsula.com\/2021\/?portfolio=sp\">\r\n        <div class=\"nm-portfolio-item-image\">\r\n            <img decoding=\"async\" src=\"https:\/\/360peninsula.com\/2021\/wp-content\/uploads\/2021\/07\/1-1-2.jpeg\" \/><div class=\"nm-image-overlay\"><\/div>        <\/div>\r\n\r\n        <div class=\"nm-portfolio-item-details text-color-gray\">\r\n            <h2>SPA | JEWEL GRAND MONTEGO BAY<\/h2>            <p>Dise\u00f1o de Interiores<span>, <\/span><\/p>\r\n        <\/div>\r\n    <\/a>\r\n<\/li>\r\n\r\n<li class=\"diseno-de-interiores \">\r\n    <a href=\"https:\/\/360peninsula.com\/2021\/?portfolio=habitaciones\">\r\n        <div class=\"nm-portfolio-item-image\">\r\n            <img decoding=\"async\" src=\"https:\/\/360peninsula.com\/2021\/wp-content\/uploads\/2021\/07\/1-6.jpeg\" \/><div class=\"nm-image-overlay\"><\/div>        <\/div>\r\n\r\n        <div class=\"nm-portfolio-item-details text-color-gray\">\r\n            <h2>HABITACIONES | HILTON LA ROMANA<\/h2>            <p>Dise\u00f1o de Interiores<span>, <\/span><\/p>\r\n        <\/div>\r\n    <\/a>\r\n<\/li>\r\n\r\n<li class=\"diseno-de-interiores \">\r\n    <a href=\"https:\/\/360peninsula.com\/2021\/?portfolio=caoba-buffet-restaurant\">\r\n        <div class=\"nm-portfolio-item-image\">\r\n            <img decoding=\"async\" src=\"https:\/\/360peninsula.com\/2021\/wp-content\/uploads\/2021\/07\/3-4.jpg\" \/><div class=\"nm-image-overlay\"><\/div>        <\/div>\r\n\r\n        <div class=\"nm-portfolio-item-details text-color-gray\">\r\n            <h2>CAOBA BUFFET RESTAURANT | HILTON LA ROMANA<\/h2>            <p>Dise\u00f1o de Interiores<span>, <\/span><\/p>\r\n        <\/div>\r\n    <\/a>\r\n<\/li>\r\n\r\n<li class=\"diseno-de-interiores \">\r\n    <a href=\"https:\/\/360peninsula.com\/2021\/?portfolio=timeout-sports-bar-2\">\r\n        <div class=\"nm-portfolio-item-image\">\r\n            <img decoding=\"async\" src=\"https:\/\/360peninsula.com\/2021\/wp-content\/uploads\/2021\/07\/1.jpg\" \/><div class=\"nm-image-overlay\"><\/div>        <\/div>\r\n\r\n        <div class=\"nm-portfolio-item-details text-color-gray\">\r\n            <h2>TIMEOUT SPORTS BAR | HYATT ZILARA CANC\u00daN<\/h2>            <p>Dise\u00f1o de Interiores<span>, <\/span><\/p>\r\n        <\/div>\r\n    <\/a>\r\n<\/li>\r\n\r\n<li class=\"diseno-de-interiores \">\r\n    <a href=\"https:\/\/360peninsula.com\/2021\/?portfolio=habitaciones-2\">\r\n        <div class=\"nm-portfolio-item-image\">\r\n            <img decoding=\"async\" src=\"https:\/\/360peninsula.com\/2021\/wp-content\/uploads\/2021\/07\/1-1.jpg\" \/><div class=\"nm-image-overlay\"><\/div>        <\/div>\r\n\r\n        <div class=\"nm-portfolio-item-details text-color-gray\">\r\n            <h2>HABITACIONES | HILTON LA ROMANA<\/h2>            <p>Dise\u00f1o de Interiores<span>, <\/span><\/p>\r\n        <\/div>\r\n    <\/a>\r\n<\/li>\r\n\r\n<li class=\"diseno-de-interiores \">\r\n    <a href=\"https:\/\/360peninsula.com\/2021\/?portfolio=sakura-asian-restaurant\">\r\n        <div class=\"nm-portfolio-item-image\">\r\n            <img decoding=\"async\" src=\"https:\/\/360peninsula.com\/2021\/wp-content\/uploads\/2021\/07\/2.jpeg\" \/><div class=\"nm-image-overlay\"><\/div>        <\/div>\r\n\r\n        <div class=\"nm-portfolio-item-details text-color-gray\">\r\n            <h2>SAKURA ASIAN RESTAURANT | HILTON LA ROMANA<\/h2>            <p>Dise\u00f1o de Interiores<span>, <\/span><\/p>\r\n        <\/div>\r\n    <\/a>\r\n<\/li>\r\n\r\n<li class=\"diseno-de-interiores \">\r\n    <a href=\"https:\/\/360peninsula.com\/2021\/?portfolio=salon-de-eventos-2\">\r\n        <div class=\"nm-portfolio-item-image\">\r\n            <img decoding=\"async\" src=\"https:\/\/360peninsula.com\/2021\/wp-content\/uploads\/2021\/07\/1-2.jpg\" \/><div class=\"nm-image-overlay\"><\/div>        <\/div>\r\n\r\n        <div class=\"nm-portfolio-item-details text-color-gray\">\r\n            <h2>S\u00c1LON DE EVENTOS | PANAMA JACK PLAYA DEL CARMEN<\/h2>            <p>Dise\u00f1o de Interiores<span>, <\/span><\/p>\r\n        <\/div>\r\n    <\/a>\r\n<\/li>\r\n    <\/ul>\r\n\r\n    <nav class=\"nm-portfolio-pagination\">\r\n        <\/nav>\r\n    \r\n<\/div>\r\n\r\n<\/div>\t\t\t\t<\/div>\n\t\t\t\t<\/div>\n\t\t\t\t\t<\/div>\n\t\t<\/div>\n\t\t\t\t\t<\/div>\n\t\t<\/section>\n\t\t\t\t<\/div>\n\t\t","protected":false},"excerpt":{"rendered":"<p>DISE\u00d1O DE INTERIORES DISE\u00d1O DE INTERIORES | CONDOS BAIHA TULUM Dise\u00f1o de Interiores, 24 LOUNGE | HILTON PLAYA DEL CARMEN Dise\u00f1o de Interiores, HABITACIONES | HILTON PLAYA DEL CARMEN Dise\u00f1o de Interiores, HABITACIONES | PANAMA JACK PLAYA DEL CARMEN Dise\u00f1o de Interiores, GIMNASIO | HILTON PLAYA DEL CARMEN Dise\u00f1o de Interiores, SPA | JEWEL GRAND &hellip;<\/p>\n","protected":false},"author":1,"featured_media":0,"parent":0,"menu_order":0,"comment_status":"closed","ping_status":"closed","template":"","meta":{"_joinchat":[],"footnotes":""},"class_list":["post-2957","page","type-page","status-publish","hentry"],"_links":{"self":[{"href":"https:\/\/360peninsula.com\/2021\/index.php?rest_route=\/wp\/v2\/pages\/2957","targetHints":{"allow":["GET"]}}],"collection":[{"href":"https:\/\/360peninsula.com\/2021\/index.php?rest_route=\/wp\/v2\/pages"}],"about":[{"href":"https:\/\/360peninsula.com\/2021\/index.php?rest_route=\/wp\/v2\/types\/page"}],"author":[{"embeddable":true,"href":"https:\/\/360peninsula.com\/2021\/index.php?rest_route=\/wp\/v2\/users\/1"}],"replies":[{"embeddable":true,"href":"https:\/\/360peninsula.com\/2021\/index.php?rest_route=%2Fwp%2Fv2%2Fcomments&post=2957"}],"version-history":[{"count":18,"href":"https:\/\/360peninsula.com\/2021\/index.php?rest_route=\/wp\/v2\/pages\/2957\/revisions"}],"predecessor-version":[{"id":6057,"href":"https:\/\/360peninsula.com\/2021\/index.php?rest_route=\/wp\/v2\/pages\/2957\/revisions\/6057"}],"wp:attachment":[{"href":"https:\/\/360peninsula.com\/2021\/index.php?rest_route=%2Fwp%2Fv2%2Fmedia&parent=2957"}],"curies":[{"name":"wp","href":"https:\/\/api.w.org\/{rel}","templated":true}]}}