{"id":2892,"date":"2021-06-22T16:35:15","date_gmt":"2021-06-22T16:35:15","guid":{"rendered":"https:\/\/360peninsula.com\/2021\/?page_id=2892"},"modified":"2021-07-02T19:59:59","modified_gmt":"2021-07-02T19:59:59","slug":"paneles-solares","status":"publish","type":"page","link":"https:\/\/360peninsula.com\/2021\/?page_id=2892","title":{"rendered":"Paneles Sorales"},"content":{"rendered":"\t\t<div data-elementor-type=\"wp-page\" data-elementor-id=\"2892\" class=\"elementor elementor-2892\">\n\t\t\t\t\t\t<section class=\"elementor-section elementor-top-section elementor-element elementor-element-c55c1c6 elementor-reverse-tablet elementor-section-boxed elementor-section-height-default elementor-section-height-default\" data-id=\"c55c1c6\" data-element_type=\"section\" data-e-type=\"section\">\n\t\t\t\t\t\t<div class=\"elementor-container elementor-column-gap-extended\">\n\t\t\t\t\t<div class=\"elementor-column elementor-col-50 elementor-top-column elementor-element elementor-element-a92de43\" data-id=\"a92de43\" data-element_type=\"column\" data-e-type=\"column\">\n\t\t\t<div class=\"elementor-widget-wrap elementor-element-populated\">\n\t\t\t\t\t\t<div class=\"elementor-element elementor-element-e063e71 elementor-widget elementor-widget-image\" data-id=\"e063e71\" data-element_type=\"widget\" data-e-type=\"widget\" data-widget_type=\"image.default\">\n\t\t\t\t<div class=\"elementor-widget-container\">\n\t\t\t\t\t\t\t\t\t\t\t\t\t\t\t<img fetchpriority=\"high\" decoding=\"async\" width=\"962\" height=\"543\" src=\"https:\/\/360peninsula.com\/2021\/wp-content\/uploads\/2021\/06\/1.jpg\" class=\"attachment-full size-full wp-image-2899\" alt=\"\" srcset=\"https:\/\/360peninsula.com\/2021\/wp-content\/uploads\/2021\/06\/1.jpg 962w, https:\/\/360peninsula.com\/2021\/wp-content\/uploads\/2021\/06\/1-300x169.jpg 300w, https:\/\/360peninsula.com\/2021\/wp-content\/uploads\/2021\/06\/1-768x433.jpg 768w\" sizes=\"(max-width: 962px) 100vw, 962px\" \/>\t\t\t\t\t\t\t\t\t\t\t\t\t\t\t<\/div>\n\t\t\t\t<\/div>\n\t\t\t\t\t<\/div>\n\t\t<\/div>\n\t\t\t\t<div class=\"elementor-column elementor-col-50 elementor-top-column elementor-element elementor-element-9cf995a\" data-id=\"9cf995a\" data-element_type=\"column\" data-e-type=\"column\">\n\t\t\t<div class=\"elementor-widget-wrap elementor-element-populated\">\n\t\t\t\t\t\t<div class=\"elementor-element elementor-element-c197137 elementor-widget elementor-widget-heading\" data-id=\"c197137\" data-element_type=\"widget\" data-e-type=\"widget\" data-widget_type=\"heading.default\">\n\t\t\t\t<div class=\"elementor-widget-container\">\n\t\t\t\t\t<h2 class=\"elementor-heading-title elementor-size-default\">PANELES SOLARES<\/h2>\t\t\t\t<\/div>\n\t\t\t\t<\/div>\n\t\t\t\t<div class=\"elementor-element elementor-element-506f321 elementor-widget-divider--view-line elementor-widget elementor-widget-divider\" data-id=\"506f321\" data-element_type=\"widget\" data-e-type=\"widget\" data-widget_type=\"divider.default\">\n\t\t\t\t<div class=\"elementor-widget-container\">\n\t\t\t\t\t\t\t<div class=\"elementor-divider\">\n\t\t\t<span class=\"elementor-divider-separator\">\n\t\t\t\t\t\t<\/span>\n\t\t<\/div>\n\t\t\t\t\t\t<\/div>\n\t\t\t\t<\/div>\n\t\t\t\t<div class=\"elementor-element elementor-element-8514282 elementor-widget elementor-widget-text-editor\" data-id=\"8514282\" data-element_type=\"widget\" data-e-type=\"widget\" data-widget_type=\"text-editor.default\">\n\t\t\t\t<div class=\"elementor-widget-container\">\n\t\t\t\t\t\t\t\t\t<p style=\"text-align: justify;\">Comercializamos paneles solares e insumos energ\u00e9ticos de alta calidad para el sector residencial, comercial e industrial, que brindan soluciones de ahorro y sostenibilidad para la protecci\u00f3n, respaldo y generaci\u00f3n de energ\u00eda, proporcionando energ\u00eda confiable para cualquier aplicaci\u00f3n con un mantenimiento m\u00ednimo.<\/p>\t\t\t\t\t\t\t\t<\/div>\n\t\t\t\t<\/div>\n\t\t\t\t\t<\/div>\n\t\t<\/div>\n\t\t\t\t\t<\/div>\n\t\t<\/section>\n\t\t\t\t<section class=\"elementor-section elementor-top-section elementor-element elementor-element-1495d74 elementor-reverse-tablet elementor-section-boxed elementor-section-height-default elementor-section-height-default\" data-id=\"1495d74\" data-element_type=\"section\" data-e-type=\"section\">\n\t\t\t\t\t\t<div class=\"elementor-container elementor-column-gap-extended\">\n\t\t\t\t\t<div class=\"elementor-column elementor-col-50 elementor-top-column elementor-element elementor-element-728abce\" data-id=\"728abce\" data-element_type=\"column\" data-e-type=\"column\">\n\t\t\t<div class=\"elementor-widget-wrap elementor-element-populated\">\n\t\t\t\t\t\t<div class=\"elementor-element elementor-element-509a374 elementor-hidden-desktop elementor-hidden-tablet elementor-widget elementor-widget-image\" data-id=\"509a374\" data-element_type=\"widget\" data-e-type=\"widget\" data-widget_type=\"image.default\">\n\t\t\t\t<div class=\"elementor-widget-container\">\n\t\t\t\t\t\t\t\t\t\t\t\t\t\t\t<img decoding=\"async\" width=\"960\" height=\"538\" src=\"https:\/\/360peninsula.com\/2021\/wp-content\/uploads\/2021\/06\/2-1.jpg\" class=\"attachment-full size-full wp-image-2900\" alt=\"\" srcset=\"https:\/\/360peninsula.com\/2021\/wp-content\/uploads\/2021\/06\/2-1.jpg 960w, https:\/\/360peninsula.com\/2021\/wp-content\/uploads\/2021\/06\/2-1-300x168.jpg 300w, https:\/\/360peninsula.com\/2021\/wp-content\/uploads\/2021\/06\/2-1-768x430.jpg 768w\" sizes=\"(max-width: 960px) 100vw, 960px\" \/>\t\t\t\t\t\t\t\t\t\t\t\t\t\t\t<\/div>\n\t\t\t\t<\/div>\n\t\t\t\t<div class=\"elementor-element elementor-element-757324e elementor-widget elementor-widget-heading\" data-id=\"757324e\" data-element_type=\"widget\" data-e-type=\"widget\" data-widget_type=\"heading.default\">\n\t\t\t\t<div class=\"elementor-widget-container\">\n\t\t\t\t\t<h2 class=\"elementor-heading-title elementor-size-default\">NUESTROS SERVICIOS<\/h2>\t\t\t\t<\/div>\n\t\t\t\t<\/div>\n\t\t\t\t<div class=\"elementor-element elementor-element-130c8e0 elementor-widget-divider--view-line elementor-widget elementor-widget-divider\" data-id=\"130c8e0\" data-element_type=\"widget\" data-e-type=\"widget\" data-widget_type=\"divider.default\">\n\t\t\t\t<div class=\"elementor-widget-container\">\n\t\t\t\t\t\t\t<div class=\"elementor-divider\">\n\t\t\t<span class=\"elementor-divider-separator\">\n\t\t\t\t\t\t<\/span>\n\t\t<\/div>\n\t\t\t\t\t\t<\/div>\n\t\t\t\t<\/div>\n\t\t\t\t<div class=\"elementor-element elementor-element-962b57e elementor-widget elementor-widget-text-editor\" data-id=\"962b57e\" data-element_type=\"widget\" data-e-type=\"widget\" data-widget_type=\"text-editor.default\">\n\t\t\t\t<div class=\"elementor-widget-container\">\n\t\t\t\t\t\t\t\t\t<p style=\"text-align: justify;\">Comercializamos paneles solares e insumos energ\u00e9ticos de alta calidad para el sector residencial, comercial e industrial, que brindan soluciones de ahorro y sostenibilidad para la protecci\u00f3n, respaldo y generaci\u00f3n de energ\u00eda, proporcionando energ\u00eda confiable para cualquier aplicaci\u00f3n con un mantenimiento m\u00ednimo.<\/p>\t\t\t\t\t\t\t\t<\/div>\n\t\t\t\t<\/div>\n\t\t\t\t\t<\/div>\n\t\t<\/div>\n\t\t\t\t<div class=\"elementor-column elementor-col-50 elementor-top-column elementor-element elementor-element-62cda6e elementor-hidden-phone\" data-id=\"62cda6e\" data-element_type=\"column\" data-e-type=\"column\">\n\t\t\t<div class=\"elementor-widget-wrap elementor-element-populated\">\n\t\t\t\t\t\t<div class=\"elementor-element elementor-element-63a7ec0 elementor-widget elementor-widget-image\" data-id=\"63a7ec0\" data-element_type=\"widget\" data-e-type=\"widget\" data-widget_type=\"image.default\">\n\t\t\t\t<div class=\"elementor-widget-container\">\n\t\t\t\t\t\t\t\t\t\t\t\t\t\t\t<img decoding=\"async\" width=\"960\" height=\"538\" src=\"https:\/\/360peninsula.com\/2021\/wp-content\/uploads\/2021\/06\/2-1.jpg\" class=\"attachment-full size-full wp-image-2900\" alt=\"\" srcset=\"https:\/\/360peninsula.com\/2021\/wp-content\/uploads\/2021\/06\/2-1.jpg 960w, https:\/\/360peninsula.com\/2021\/wp-content\/uploads\/2021\/06\/2-1-300x168.jpg 300w, https:\/\/360peninsula.com\/2021\/wp-content\/uploads\/2021\/06\/2-1-768x430.jpg 768w\" sizes=\"(max-width: 960px) 100vw, 960px\" \/>\t\t\t\t\t\t\t\t\t\t\t\t\t\t\t<\/div>\n\t\t\t\t<\/div>\n\t\t\t\t\t<\/div>\n\t\t<\/div>\n\t\t\t\t\t<\/div>\n\t\t<\/section>\n\t\t\t\t<section class=\"elementor-section elementor-top-section elementor-element elementor-element-44c9f4e elementor-reverse-tablet elementor-section-boxed elementor-section-height-default elementor-section-height-default\" data-id=\"44c9f4e\" data-element_type=\"section\" data-e-type=\"section\">\n\t\t\t\t\t\t<div class=\"elementor-container elementor-column-gap-extended\">\n\t\t\t\t\t<div class=\"elementor-column elementor-col-50 elementor-top-column elementor-element elementor-element-dbd993b\" data-id=\"dbd993b\" data-element_type=\"column\" data-e-type=\"column\">\n\t\t\t<div class=\"elementor-widget-wrap elementor-element-populated\">\n\t\t\t\t\t\t<div class=\"elementor-element elementor-element-46e5d3b elementor-widget elementor-widget-image\" data-id=\"46e5d3b\" data-element_type=\"widget\" data-e-type=\"widget\" data-widget_type=\"image.default\">\n\t\t\t\t<div class=\"elementor-widget-container\">\n\t\t\t\t\t\t\t\t\t\t\t\t\t\t\t<img decoding=\"async\" width=\"962\" height=\"540\" src=\"https:\/\/360peninsula.com\/2021\/wp-content\/uploads\/2021\/06\/3.jpg\" class=\"attachment-full size-full wp-image-2901\" alt=\"\" srcset=\"https:\/\/360peninsula.com\/2021\/wp-content\/uploads\/2021\/06\/3.jpg 962w, https:\/\/360peninsula.com\/2021\/wp-content\/uploads\/2021\/06\/3-300x168.jpg 300w, https:\/\/360peninsula.com\/2021\/wp-content\/uploads\/2021\/06\/3-768x431.jpg 768w\" sizes=\"(max-width: 962px) 100vw, 962px\" \/>\t\t\t\t\t\t\t\t\t\t\t\t\t\t\t<\/div>\n\t\t\t\t<\/div>\n\t\t\t\t\t<\/div>\n\t\t<\/div>\n\t\t\t\t<div class=\"elementor-column elementor-col-50 elementor-top-column elementor-element elementor-element-b8ceba4\" data-id=\"b8ceba4\" data-element_type=\"column\" data-e-type=\"column\">\n\t\t\t<div class=\"elementor-widget-wrap elementor-element-populated\">\n\t\t\t\t\t\t<div class=\"elementor-element elementor-element-81eabef elementor-widget elementor-widget-heading\" data-id=\"81eabef\" data-element_type=\"widget\" data-e-type=\"widget\" data-widget_type=\"heading.default\">\n\t\t\t\t<div class=\"elementor-widget-container\">\n\t\t\t\t\t<h2 class=\"elementor-heading-title elementor-size-default\">EXPERIENCIA Y CALIDAD NOS RESPALDAN<\/h2>\t\t\t\t<\/div>\n\t\t\t\t<\/div>\n\t\t\t\t<div class=\"elementor-element elementor-element-36f50c9 elementor-widget-divider--view-line elementor-widget elementor-widget-divider\" data-id=\"36f50c9\" data-element_type=\"widget\" data-e-type=\"widget\" data-widget_type=\"divider.default\">\n\t\t\t\t<div class=\"elementor-widget-container\">\n\t\t\t\t\t\t\t<div class=\"elementor-divider\">\n\t\t\t<span class=\"elementor-divider-separator\">\n\t\t\t\t\t\t<\/span>\n\t\t<\/div>\n\t\t\t\t\t\t<\/div>\n\t\t\t\t<\/div>\n\t\t\t\t<div class=\"elementor-element elementor-element-5150748 elementor-widget elementor-widget-text-editor\" data-id=\"5150748\" data-element_type=\"widget\" data-e-type=\"widget\" data-widget_type=\"text-editor.default\">\n\t\t\t\t<div class=\"elementor-widget-container\">\n\t\t\t\t\t\t\t\t\t<p style=\"text-align: justify;\">Conducimos a nuestros clientes por productos y soluciones de clase mundial en mejora continua de la calidad. Evolucionamos y transformamos tu energ\u00eda bajo los m\u00e1s altos est\u00e1ndares del mercado.<\/p>\t\t\t\t\t\t\t\t<\/div>\n\t\t\t\t<\/div>\n\t\t\t\t\t<\/div>\n\t\t<\/div>\n\t\t\t\t\t<\/div>\n\t\t<\/section>\n\t\t\t\t<section class=\"elementor-section elementor-top-section elementor-element elementor-element-682dad1 elementor-reverse-tablet elementor-section-boxed elementor-section-height-default elementor-section-height-default\" data-id=\"682dad1\" data-element_type=\"section\" data-e-type=\"section\">\n\t\t\t\t\t\t<div class=\"elementor-container elementor-column-gap-extended\">\n\t\t\t\t\t<div class=\"elementor-column elementor-col-50 elementor-top-column elementor-element elementor-element-48d83d3\" data-id=\"48d83d3\" data-element_type=\"column\" data-e-type=\"column\">\n\t\t\t<div class=\"elementor-widget-wrap elementor-element-populated\">\n\t\t\t\t\t\t<div class=\"elementor-element elementor-element-6f25da9 elementor-hidden-desktop elementor-hidden-tablet elementor-widget elementor-widget-image\" data-id=\"6f25da9\" data-element_type=\"widget\" data-e-type=\"widget\" data-widget_type=\"image.default\">\n\t\t\t\t<div class=\"elementor-widget-container\">\n\t\t\t\t\t\t\t\t\t\t\t\t\t\t\t<img loading=\"lazy\" decoding=\"async\" width=\"960\" height=\"539\" src=\"https:\/\/360peninsula.com\/2021\/wp-content\/uploads\/2021\/06\/4.jpg\" class=\"attachment-full size-full wp-image-2902\" alt=\"\" srcset=\"https:\/\/360peninsula.com\/2021\/wp-content\/uploads\/2021\/06\/4.jpg 960w, https:\/\/360peninsula.com\/2021\/wp-content\/uploads\/2021\/06\/4-300x168.jpg 300w, https:\/\/360peninsula.com\/2021\/wp-content\/uploads\/2021\/06\/4-768x431.jpg 768w\" sizes=\"(max-width: 960px) 100vw, 960px\" \/>\t\t\t\t\t\t\t\t\t\t\t\t\t\t\t<\/div>\n\t\t\t\t<\/div>\n\t\t\t\t<div class=\"elementor-element elementor-element-59de7af elementor-widget elementor-widget-heading\" data-id=\"59de7af\" data-element_type=\"widget\" data-e-type=\"widget\" data-widget_type=\"heading.default\">\n\t\t\t\t<div class=\"elementor-widget-container\">\n\t\t\t\t\t<h2 class=\"elementor-heading-title elementor-size-default\">BENEFICIOS<\/h2>\t\t\t\t<\/div>\n\t\t\t\t<\/div>\n\t\t\t\t<div class=\"elementor-element elementor-element-2008222 elementor-widget-divider--view-line elementor-widget elementor-widget-divider\" data-id=\"2008222\" data-element_type=\"widget\" data-e-type=\"widget\" data-widget_type=\"divider.default\">\n\t\t\t\t<div class=\"elementor-widget-container\">\n\t\t\t\t\t\t\t<div class=\"elementor-divider\">\n\t\t\t<span class=\"elementor-divider-separator\">\n\t\t\t\t\t\t<\/span>\n\t\t<\/div>\n\t\t\t\t\t\t<\/div>\n\t\t\t\t<\/div>\n\t\t\t\t<div class=\"elementor-element elementor-element-dca53b4 elementor-widget elementor-widget-text-editor\" data-id=\"dca53b4\" data-element_type=\"widget\" data-e-type=\"widget\" data-widget_type=\"text-editor.default\">\n\t\t\t\t<div class=\"elementor-widget-container\">\n\t\t\t\t\t\t\t\t\t<ul>\n \t<li style=\"text-align: justify;\">\u2022 Reducci\u00f3n o eliminaci\u00f3n de gastos por consumo por electricidad.<\/li>\n \t<li style=\"text-align: justify;\">\u2022 Incentivos fiscales del Gobierno Federal por el uso de paneles solares.<\/li>\n \t<li style=\"text-align: justify;\">\u2022 Inversi\u00f3n recuperable desde el segundo a\u00f1o.<\/li>\n \t<li style=\"text-align: justify;\">\u2022 Energ\u00eda sin contaminaci\u00f3n amable con el ambiente.<\/li>\n \t<li style=\"text-align: justify;\">\u2022 Efectos nulos por incrementos en las tarifas de energ\u00eda el\u00e9ctrica.<\/li>\n \t<li style=\"text-align: justify;\">\u2022 Demuestra su compromiso con la sustentabilidad y el medio ambiente.<\/li>\n \t<li style=\"text-align: justify;\">\u2022 Hasta 30 a\u00f1os de vida \u00fatil.*Aplican restricciones.<\/li>\n \t<li style=\"text-align: justify;\">\u2022 El sol genera energ\u00eda gratuita e inagotable.<\/li>\n<\/ul>\t\t\t\t\t\t\t\t<\/div>\n\t\t\t\t<\/div>\n\t\t\t\t\t<\/div>\n\t\t<\/div>\n\t\t\t\t<div class=\"elementor-column elementor-col-50 elementor-top-column elementor-element elementor-element-36c8879 elementor-hidden-phone\" data-id=\"36c8879\" data-element_type=\"column\" data-e-type=\"column\">\n\t\t\t<div class=\"elementor-widget-wrap elementor-element-populated\">\n\t\t\t\t\t\t<div class=\"elementor-element elementor-element-3bfa1fa elementor-widget elementor-widget-image\" data-id=\"3bfa1fa\" data-element_type=\"widget\" data-e-type=\"widget\" data-widget_type=\"image.default\">\n\t\t\t\t<div class=\"elementor-widget-container\">\n\t\t\t\t\t\t\t\t\t\t\t\t\t\t\t<img loading=\"lazy\" decoding=\"async\" width=\"960\" height=\"539\" src=\"https:\/\/360peninsula.com\/2021\/wp-content\/uploads\/2021\/06\/4.jpg\" class=\"attachment-full size-full wp-image-2902\" alt=\"\" srcset=\"https:\/\/360peninsula.com\/2021\/wp-content\/uploads\/2021\/06\/4.jpg 960w, https:\/\/360peninsula.com\/2021\/wp-content\/uploads\/2021\/06\/4-300x168.jpg 300w, https:\/\/360peninsula.com\/2021\/wp-content\/uploads\/2021\/06\/4-768x431.jpg 768w\" sizes=\"(max-width: 960px) 100vw, 960px\" \/>\t\t\t\t\t\t\t\t\t\t\t\t\t\t\t<\/div>\n\t\t\t\t<\/div>\n\t\t\t\t\t<\/div>\n\t\t<\/div>\n\t\t\t\t\t<\/div>\n\t\t<\/section>\n\t\t\t\t<section class=\"elementor-section elementor-top-section elementor-element elementor-element-7b2815f elementor-section-full_width elementor-section-height-default elementor-section-height-default\" data-id=\"7b2815f\" data-element_type=\"section\" data-e-type=\"section\">\n\t\t\t\t\t\t<div class=\"elementor-container elementor-column-gap-extended\">\n\t\t\t\t\t<div class=\"elementor-column elementor-col-100 elementor-top-column elementor-element elementor-element-6ce316a\" data-id=\"6ce316a\" data-element_type=\"column\" data-e-type=\"column\">\n\t\t\t<div class=\"elementor-widget-wrap elementor-element-populated\">\n\t\t\t\t\t\t<div class=\"elementor-element elementor-element-f354cbc gallery-spacing-custom elementor-widget elementor-widget-image-gallery\" data-id=\"f354cbc\" data-element_type=\"widget\" data-e-type=\"widget\" data-widget_type=\"image-gallery.default\">\n\t\t\t\t<div class=\"elementor-widget-container\">\n\t\t\t\t\t\t\t<div class=\"elementor-image-gallery\">\n\t\t\t<div id='gallery-1' class='gallery galleryid-2892 gallery-columns-3 gallery-size-medium'><dl class='gallery-item'>\n\t\t\t<dt class='gallery-icon landscape'>\n\t\t\t\t<a data-elementor-open-lightbox=\"yes\" data-elementor-lightbox-slideshow=\"f354cbc\" data-elementor-lightbox-title=\"6\" data-e-action-hash=\"#elementor-action%3Aaction%3Dlightbox%26settings%3DeyJpZCI6MjkwMywidXJsIjoiaHR0cHM6XC9cLzM2MHBlbmluc3VsYS5jb21cLzIwMjFcL3dwLWNvbnRlbnRcL3VwbG9hZHNcLzIwMjFcLzA2XC82LmpwZyIsInNsaWRlc2hvdyI6ImYzNTRjYmMifQ%3D%3D\" href='https:\/\/360peninsula.com\/2021\/wp-content\/uploads\/2021\/06\/6.jpg'><img loading=\"lazy\" decoding=\"async\" width=\"300\" height=\"169\" src=\"https:\/\/360peninsula.com\/2021\/wp-content\/uploads\/2021\/06\/6-300x169.jpg\" class=\"attachment-medium size-medium\" alt=\"\" srcset=\"https:\/\/360peninsula.com\/2021\/wp-content\/uploads\/2021\/06\/6-300x169.jpg 300w, https:\/\/360peninsula.com\/2021\/wp-content\/uploads\/2021\/06\/6-768x433.jpg 768w, https:\/\/360peninsula.com\/2021\/wp-content\/uploads\/2021\/06\/6.jpg 961w\" sizes=\"(max-width: 300px) 100vw, 300px\" \/><\/a>\n\t\t\t<\/dt><\/dl><dl class='gallery-item'>\n\t\t\t<dt class='gallery-icon landscape'>\n\t\t\t\t<a data-elementor-open-lightbox=\"yes\" data-elementor-lightbox-slideshow=\"f354cbc\" data-elementor-lightbox-title=\"2-5-1024x577\" data-e-action-hash=\"#elementor-action%3Aaction%3Dlightbox%26settings%3DeyJpZCI6MjkwNCwidXJsIjoiaHR0cHM6XC9cLzM2MHBlbmluc3VsYS5jb21cLzIwMjFcL3dwLWNvbnRlbnRcL3VwbG9hZHNcLzIwMjFcLzA2XC8yLTUtMTAyNHg1NzctMS5qcGciLCJzbGlkZXNob3ciOiJmMzU0Y2JjIn0%3D\" href='https:\/\/360peninsula.com\/2021\/wp-content\/uploads\/2021\/06\/2-5-1024x577-1.jpg'><img loading=\"lazy\" decoding=\"async\" width=\"300\" height=\"169\" src=\"https:\/\/360peninsula.com\/2021\/wp-content\/uploads\/2021\/06\/2-5-1024x577-1-300x169.jpg\" class=\"attachment-medium size-medium\" alt=\"\" srcset=\"https:\/\/360peninsula.com\/2021\/wp-content\/uploads\/2021\/06\/2-5-1024x577-1-300x169.jpg 300w, https:\/\/360peninsula.com\/2021\/wp-content\/uploads\/2021\/06\/2-5-1024x577-1-768x433.jpg 768w, https:\/\/360peninsula.com\/2021\/wp-content\/uploads\/2021\/06\/2-5-1024x577-1.jpg 1024w\" sizes=\"(max-width: 300px) 100vw, 300px\" \/><\/a>\n\t\t\t<\/dt><\/dl><dl class='gallery-item'>\n\t\t\t<dt class='gallery-icon landscape'>\n\t\t\t\t<a data-elementor-open-lightbox=\"yes\" data-elementor-lightbox-slideshow=\"f354cbc\" data-elementor-lightbox-title=\"3-3-1024x577\" data-e-action-hash=\"#elementor-action%3Aaction%3Dlightbox%26settings%3DeyJpZCI6MjkwNSwidXJsIjoiaHR0cHM6XC9cLzM2MHBlbmluc3VsYS5jb21cLzIwMjFcL3dwLWNvbnRlbnRcL3VwbG9hZHNcLzIwMjFcLzA2XC8zLTMtMTAyNHg1NzctMS5qcGciLCJzbGlkZXNob3ciOiJmMzU0Y2JjIn0%3D\" href='https:\/\/360peninsula.com\/2021\/wp-content\/uploads\/2021\/06\/3-3-1024x577-1.jpg'><img loading=\"lazy\" decoding=\"async\" width=\"300\" height=\"169\" src=\"https:\/\/360peninsula.com\/2021\/wp-content\/uploads\/2021\/06\/3-3-1024x577-1-300x169.jpg\" class=\"attachment-medium size-medium\" alt=\"\" srcset=\"https:\/\/360peninsula.com\/2021\/wp-content\/uploads\/2021\/06\/3-3-1024x577-1-300x169.jpg 300w, https:\/\/360peninsula.com\/2021\/wp-content\/uploads\/2021\/06\/3-3-1024x577-1-768x433.jpg 768w, https:\/\/360peninsula.com\/2021\/wp-content\/uploads\/2021\/06\/3-3-1024x577-1.jpg 1024w\" sizes=\"(max-width: 300px) 100vw, 300px\" \/><\/a>\n\t\t\t<\/dt><\/dl><br style=\"clear: both\" \/><dl class='gallery-item'>\n\t\t\t<dt class='gallery-icon landscape'>\n\t\t\t\t<a data-elementor-open-lightbox=\"yes\" data-elementor-lightbox-slideshow=\"f354cbc\" data-elementor-lightbox-title=\"download-1\" data-e-action-hash=\"#elementor-action%3Aaction%3Dlightbox%26settings%3DeyJpZCI6MjkwNiwidXJsIjoiaHR0cHM6XC9cLzM2MHBlbmluc3VsYS5jb21cLzIwMjFcL3dwLWNvbnRlbnRcL3VwbG9hZHNcLzIwMjFcLzA2XC9kb3dubG9hZC0xLTQuanBnIiwic2xpZGVzaG93IjoiZjM1NGNiYyJ9\" href='https:\/\/360peninsula.com\/2021\/wp-content\/uploads\/2021\/06\/download-1-4.jpg'><img loading=\"lazy\" decoding=\"async\" width=\"300\" height=\"169\" src=\"https:\/\/360peninsula.com\/2021\/wp-content\/uploads\/2021\/06\/download-1-4-300x169.jpg\" class=\"attachment-medium size-medium\" alt=\"\" srcset=\"https:\/\/360peninsula.com\/2021\/wp-content\/uploads\/2021\/06\/download-1-4-300x169.jpg 300w, https:\/\/360peninsula.com\/2021\/wp-content\/uploads\/2021\/06\/download-1-4-768x433.jpg 768w, https:\/\/360peninsula.com\/2021\/wp-content\/uploads\/2021\/06\/download-1-4.jpg 1024w\" sizes=\"(max-width: 300px) 100vw, 300px\" \/><\/a>\n\t\t\t<\/dt><\/dl><dl class='gallery-item'>\n\t\t\t<dt class='gallery-icon landscape'>\n\t\t\t\t<a data-elementor-open-lightbox=\"yes\" data-elementor-lightbox-slideshow=\"f354cbc\" data-elementor-lightbox-title=\"download\" data-e-action-hash=\"#elementor-action%3Aaction%3Dlightbox%26settings%3DeyJpZCI6MjkwNywidXJsIjoiaHR0cHM6XC9cLzM2MHBlbmluc3VsYS5jb21cLzIwMjFcL3dwLWNvbnRlbnRcL3VwbG9hZHNcLzIwMjFcLzA2XC9kb3dubG9hZC0xNS5qcGciLCJzbGlkZXNob3ciOiJmMzU0Y2JjIn0%3D\" href='https:\/\/360peninsula.com\/2021\/wp-content\/uploads\/2021\/06\/download-15.jpg'><img loading=\"lazy\" decoding=\"async\" width=\"300\" height=\"168\" src=\"https:\/\/360peninsula.com\/2021\/wp-content\/uploads\/2021\/06\/download-15-300x168.jpg\" class=\"attachment-medium size-medium\" alt=\"\" srcset=\"https:\/\/360peninsula.com\/2021\/wp-content\/uploads\/2021\/06\/download-15-300x168.jpg 300w, https:\/\/360peninsula.com\/2021\/wp-content\/uploads\/2021\/06\/download-15-768x431.jpg 768w, https:\/\/360peninsula.com\/2021\/wp-content\/uploads\/2021\/06\/download-15.jpg 1024w\" sizes=\"(max-width: 300px) 100vw, 300px\" \/><\/a>\n\t\t\t<\/dt><\/dl><dl class='gallery-item'>\n\t\t\t<dt class='gallery-icon landscape'>\n\t\t\t\t<a data-elementor-open-lightbox=\"yes\" data-elementor-lightbox-slideshow=\"f354cbc\" data-elementor-lightbox-title=\"download-2\" data-e-action-hash=\"#elementor-action%3Aaction%3Dlightbox%26settings%3DeyJpZCI6MjkwOCwidXJsIjoiaHR0cHM6XC9cLzM2MHBlbmluc3VsYS5jb21cLzIwMjFcL3dwLWNvbnRlbnRcL3VwbG9hZHNcLzIwMjFcLzA2XC9kb3dubG9hZC0yLTQuanBnIiwic2xpZGVzaG93IjoiZjM1NGNiYyJ9\" href='https:\/\/360peninsula.com\/2021\/wp-content\/uploads\/2021\/06\/download-2-4.jpg'><img loading=\"lazy\" decoding=\"async\" width=\"300\" height=\"168\" src=\"https:\/\/360peninsula.com\/2021\/wp-content\/uploads\/2021\/06\/download-2-4-300x168.jpg\" class=\"attachment-medium size-medium\" alt=\"\" srcset=\"https:\/\/360peninsula.com\/2021\/wp-content\/uploads\/2021\/06\/download-2-4-300x168.jpg 300w, https:\/\/360peninsula.com\/2021\/wp-content\/uploads\/2021\/06\/download-2-4-768x430.jpg 768w, https:\/\/360peninsula.com\/2021\/wp-content\/uploads\/2021\/06\/download-2-4.jpg 1024w\" sizes=\"(max-width: 300px) 100vw, 300px\" \/><\/a>\n\t\t\t<\/dt><\/dl><br style=\"clear: both\" \/>\n\t\t<\/div>\n\t\t<\/div>\n\t\t\t\t\t\t<\/div>\n\t\t\t\t<\/div>\n\t\t\t\t\t<\/div>\n\t\t<\/div>\n\t\t\t\t\t<\/div>\n\t\t<\/section>\n\t\t\t\t<\/div>\n\t\t","protected":false},"excerpt":{"rendered":"<p>PANELES SOLARES Comercializamos paneles solares e insumos energ\u00e9ticos de alta calidad para el sector residencial, comercial e industrial, que brindan soluciones de ahorro y sostenibilidad para la protecci\u00f3n, respaldo y generaci\u00f3n de energ\u00eda, proporcionando energ\u00eda confiable para cualquier aplicaci\u00f3n con un mantenimiento m\u00ednimo. NUESTROS SERVICIOS Comercializamos paneles solares e insumos energ\u00e9ticos de alta calidad para &hellip;<\/p>\n","protected":false},"author":1,"featured_media":0,"parent":0,"menu_order":0,"comment_status":"closed","ping_status":"closed","template":"","meta":{"_joinchat":[],"footnotes":""},"class_list":["post-2892","page","type-page","status-publish","hentry"],"_links":{"self":[{"href":"https:\/\/360peninsula.com\/2021\/index.php?rest_route=\/wp\/v2\/pages\/2892","targetHints":{"allow":["GET"]}}],"collection":[{"href":"https:\/\/360peninsula.com\/2021\/index.php?rest_route=\/wp\/v2\/pages"}],"about":[{"href":"https:\/\/360peninsula.com\/2021\/index.php?rest_route=\/wp\/v2\/types\/page"}],"author":[{"embeddable":true,"href":"https:\/\/360peninsula.com\/2021\/index.php?rest_route=\/wp\/v2\/users\/1"}],"replies":[{"embeddable":true,"href":"https:\/\/360peninsula.com\/2021\/index.php?rest_route=%2Fwp%2Fv2%2Fcomments&post=2892"}],"version-history":[{"count":13,"href":"https:\/\/360peninsula.com\/2021\/index.php?rest_route=\/wp\/v2\/pages\/2892\/revisions"}],"predecessor-version":[{"id":3127,"href":"https:\/\/360peninsula.com\/2021\/index.php?rest_route=\/wp\/v2\/pages\/2892\/revisions\/3127"}],"wp:attachment":[{"href":"https:\/\/360peninsula.com\/2021\/index.php?rest_route=%2Fwp%2Fv2%2Fmedia&parent=2892"}],"curies":[{"name":"wp","href":"https:\/\/api.w.org\/{rel}","templated":true}]}}