{"id":2414,"date":"2021-06-18T15:26:23","date_gmt":"2021-06-18T15:26:23","guid":{"rendered":"http:\/\/360peninsula.com\/2021\/?page_id=2414"},"modified":"2021-06-22T18:31:47","modified_gmt":"2021-06-22T18:31:47","slug":"terminos-y-condiciones","status":"publish","type":"page","link":"https:\/\/360peninsula.com\/2021\/?page_id=2414","title":{"rendered":"T\u00e9rminos y Condiciones"},"content":{"rendered":"\t\t<div data-elementor-type=\"wp-page\" data-elementor-id=\"2414\" class=\"elementor elementor-2414\">\n\t\t\t\t\t\t<section class=\"elementor-section elementor-top-section elementor-element elementor-element-792c00d elementor-section-full_width elementor-section-height-min-height elementor-section-height-default elementor-section-items-middle\" data-id=\"792c00d\" data-element_type=\"section\" data-e-type=\"section\" data-settings=\"{&quot;background_background&quot;:&quot;classic&quot;}\">\n\t\t\t\t\t\t\t<div class=\"elementor-background-overlay\"><\/div>\n\t\t\t\t\t\t\t<div class=\"elementor-container elementor-column-gap-extended\">\n\t\t\t\t\t<div class=\"elementor-column elementor-col-100 elementor-top-column elementor-element elementor-element-5f46dc0\" data-id=\"5f46dc0\" data-element_type=\"column\" data-e-type=\"column\">\n\t\t\t<div class=\"elementor-widget-wrap elementor-element-populated\">\n\t\t\t\t\t\t<div class=\"elementor-element elementor-element-d31437e elementor-widget elementor-widget-heading\" data-id=\"d31437e\" data-element_type=\"widget\" data-e-type=\"widget\" data-widget_type=\"heading.default\">\n\t\t\t\t<div class=\"elementor-widget-container\">\n\t\t\t\t\t<h2 class=\"elementor-heading-title elementor-size-large\">T\u00c9RMINOS Y CONDICIONES DE USO<\/h2>\t\t\t\t<\/div>\n\t\t\t\t<\/div>\n\t\t\t\t\t<\/div>\n\t\t<\/div>\n\t\t\t\t\t<\/div>\n\t\t<\/section>\n\t\t\t\t<section class=\"elementor-section elementor-top-section elementor-element elementor-element-41271b0 elementor-section-boxed elementor-section-height-default elementor-section-height-default\" data-id=\"41271b0\" data-element_type=\"section\" data-e-type=\"section\">\n\t\t\t\t\t\t<div class=\"elementor-container elementor-column-gap-default\">\n\t\t\t\t\t<div class=\"elementor-column elementor-col-100 elementor-top-column elementor-element elementor-element-db71a71\" data-id=\"db71a71\" data-element_type=\"column\" data-e-type=\"column\">\n\t\t\t<div class=\"elementor-widget-wrap elementor-element-populated\">\n\t\t\t\t\t\t<div class=\"elementor-element elementor-element-3f495f4 elementor-widget elementor-widget-text-editor\" data-id=\"3f495f4\" data-element_type=\"widget\" data-e-type=\"widget\" data-widget_type=\"text-editor.default\">\n\t\t\t\t<div class=\"elementor-widget-container\">\n\t\t\t\t\t\t\t\t\t<p><strong><span style=\"color: #999999;\">INFORMACI\u00d3N RELEVANTE<\/span><\/strong><\/p><p>Bienvenido al sitio web\u00a0<a href=\"http:\/\/www.360peninsula.com\/\">www.360peninsula.com<\/a>\u00a0\u00abel Sitio Web\u00bb.<\/p><p>El objetivo de este sitio web es proporcionarle acceso a la red m\u00e1s completa de productos\/servicios inmobiliarios residenciales y enlaces relacionados para satisfacer sus necesidades \u00abel Contenido\u00bb. Por favor, lea cuidadosamente nuestras Condiciones de Uso (las \u00abCondiciones\u00bb) antes de continuar con el uso de este Sitio Web. Estos T\u00e9rminos regir\u00e1n el uso del Sitio Web y se aplicar\u00e1n a todo el tr\u00e1fico de Internet que visite el Sitio Web. Al acceder o utilizar este Sitio web, usted acepta los T\u00e9rminos. Las Condiciones tienen por objeto proteger a todos los visitantes de nuestro Sitio web y el uso de este Sitio web implica la aceptaci\u00f3n de las mismas. SI NO EST\u00c1 DE ACUERDO CON ESTOS T\u00c9RMINOS, NO UTILICE ESTE SITIO WEB.<\/p><p><strong><span style=\"color: #999999;\">360 Pen\u00ednsula\u00a0<\/span><\/strong> \u00abNosotros\u00bb se reserva el derecho, a su entera discreci\u00f3n, de modificar, alterar o actualizar de cualquier otro modo estas Condiciones en cualquier momento. Dichas modificaciones entrar\u00e1n en vigor inmediatamente despu\u00e9s de su publicaci\u00f3n. Al utilizar este sitio web despu\u00e9s de que hayamos publicado el aviso de tales modificaciones, alteraciones o actualizaciones, usted acepta estar obligado por dichas Condiciones revisadas. SI NO EST\u00c1 DE ACUERDO CON LOS T\u00c9RMINOS REVISADOS, DEBE DEJAR DE UTILIZAR ESTE SITIO WEB.<\/p><p>Este sitio web le permitir\u00e1 enlazar con muchos otros sitios web \u00abSitios enlazados\u00bb, que pueden o no estar afiliados a este sitio web y\/o a 360 Pen\u00ednsula y que pueden tener condiciones de uso que difieran o contengan condiciones adicionales a las especificadas aqu\u00ed. Su acceso a dichos sitios vinculados a trav\u00e9s de los enlaces proporcionados en este sitio web se rige por las condiciones de uso y las pol\u00edticas de dichos sitios, no de este sitio web. Por favor, revise los t\u00e9rminos de uso y las pol\u00edticas de esos Sitios Enlazados cuando utilice dichos enlaces.<\/p><p><strong><span style=\"color: #999999;\">PRIVACIDAD<\/span><\/strong><\/p><p>Los datos de registro y otra informaci\u00f3n sobre usted est\u00e1n sujetos a nuestra Pol\u00edtica de Privacidad. Para m\u00e1s informaci\u00f3n, por favor revise nuestra Pol\u00edtica de Privacidad.<\/p><p><strong><span style=\"color: #999999;\">ACTIVIDADES PROHIBIDAS<\/span><\/strong><\/p><p>Se le proh\u00edbe espec\u00edficamente cualquier uso de este sitio web, y usted acepta no usar o permitir que otros usen este sitio web, para: (a) tomar cualquier acci\u00f3n que imponga una carga irrazonable o desproporcionadamente grande en la infraestructura del sitio web, incluyendo pero no limitado a \u00abspam\u00bb u otras t\u00e9cnicas de correo electr\u00f3nico masivo no solicitado; (b) revelar o compartir los n\u00fameros de confirmaci\u00f3n y\/o contrase\u00f1as asignados con terceros no autorizados o usar los n\u00fameros de confirmaci\u00f3n y\/o contrase\u00f1as asignados para cualquier prop\u00f3sito no autorizado; (c) intentar descifrar, descompilar, desensamblar o realizar ingenier\u00eda inversa de cualquier software o c\u00f3digo HTML que comprenda o de alguna manera forme parte de este sitio web; (d) cargar, publicar, enviar por correo electr\u00f3nico o transmitir de otro modo cualquier informaci\u00f3n, contenido o derechos de propiedad que no tenga derecho a transmitir bajo ninguna ley o bajo relaciones contractuales o fiduciarias; (e) violar cualquier ley local, estatal, nacional o internacional aplicable, incluyendo, pero sin limitarse a ello, cualquier normativa que tenga fuerza de ley; o (f) utilizar cualquier robot, ara\u00f1a, agente inteligente, otro dispositivo autom\u00e1tico o proceso manual para buscar, supervisar o copiar nuestras p\u00e1ginas web o el Contenido sin nuestro permiso previo por escrito, siempre y cuando se pueda utilizar un navegador web de terceros disponible de forma general, como Firefox Microsoft Internet Explorer\u00ae, sin dicho permiso.<\/p><p>Este sitio web puede contener v\u00ednculos a otros sitios web \u00abSitios vinculados\u00bb. Los Sitios Enlazados se proporcionan s\u00f3lo para su conveniencia e informaci\u00f3n y, como tales, usted accede a ellos bajo su propio riesgo. El contenido de los sitios vinculados no est\u00e1 bajo el control de 360 Pen\u00ednsula y Pen\u00ednsula 360 no aprueba dicho contenido, independientemente de si Pen\u00ednsula 360 est\u00e1 afiliado o no a los propietarios de dichos sitios vinculados.<\/p><p>No puede establecer un hiperv\u00ednculo a este sitio web ni proporcionar ning\u00fan enlace que declare o implique un patrocinio o aprobaci\u00f3n de su sitio web por parte de Pen\u00ednsula 360, o sus afiliados o proveedores.<\/p><p><strong><span style=\"color: #999999;\">RENUNCIA DE GARANT\u00cdAS<\/span><\/strong><\/p><p>TODO EL CONTENIDO DE ESTE SITIO WEB SE PROPORCIONA \u00abTAL CUAL\u00bb Y SIN GARANT\u00cdAS DE NING\u00daN TIPO, NI EXPRESAS NI IMPL\u00cdCITAS. APARTE DE LAS GARANT\u00cdAS QUE, SEG\u00daN LOS ESTADOS UNIDOS DE MEXICO, LAS LEYES APLICABLES A ESTOS T\u00c9RMINOS, EST\u00c1N IMPLICADAS POR LA LEY Y SON INCAPABLES DE EXCLUSI\u00d3N, RESTRICCI\u00d3N O MODIFICACI\u00d3N, Pen\u00ednsula 360 RENUNCIA A CUALQUIER GARANT\u00cdA, EXPRESAS O IMPL\u00cdCITAS, INCLUIDAS, ENTRE OTRAS, LAS GARANT\u00cdAS IMPL\u00cdCITAS DE COMERCIABILIDAD E IDONEIDAD PARA UN FIN DETERMINADO.<\/p><p>NI Pen\u00ednsula 360, NI SUS ENTIDADES AFILIADAS O RELACIONADAS, NI LOS PROVEEDORES, NI NINGUNA PERSONA IMPLICADA EN LA CREACI\u00d3N, PRODUCCI\u00d3N, Y DISTRIBUCI\u00d3N DE ESTE SITIO WEB GARANTIZAN QUE LAS FUNCIONES CONTENIDAS EN ESTE SITIO WEB SER\u00c1N ININTERRUMPIDAS O ESTAR\u00c1N LIBRES DE ERRORES, QUE LOS DEFECTOS SER\u00c1N CORREGIDOS O QUE EL SERVIDOR QUE PONE A DISPOSICI\u00d3N EL CONTENIDO ESTAR\u00c1 LIBRE DE VIRUS U OTROS COMPONENTES DA\u00d1INOS.<\/p><p>EL CONTENIDO AL QUE USTED ACCEDE EN ESTE SITIO WEB SE PROPORCIONA \u00daNICAMENTE PARA SU CONVENIENCIA E INFORMACI\u00d3N.<\/p><p>Pen\u00ednsula 360 NO GARANTIZA NI HACE NINGUNA REPRESENTACI\u00d3N EN RELACI\u00d3N CON LOS RESULTADOS QUE PUEDEN OBTENERSE DEL USO DE ESTE SITIO WEB O EN RELACI\u00d3N CON LA FIABILIDAD, EXACTITUD O ACTUALIDAD DE CUALQUIER CONTENIDO DE INFORMACI\u00d3N Y\/O SERVICIO QUE USTED UTILICE ESTE SITIO WEB.<\/p><p><strong><span style=\"color: #999999;\">RENUNCIA A LA RESPONSABILIDAD<\/span><\/strong><\/p><p>USTED ACEPTA EXPRESAMENTE QUE EL USO DE ESTE SITIO WEB ES A SU PROPIO RIESGO. USTED (Y NO ) ASUME EL COSTE TOTAL DE TODOS LOS SERVICIOS, REPARACIONES O CORRECCIONES NECESARIOS DE SU SISTEMA. USTED ACEPTA EXPRESAMENTE QUE NI Pen\u00ednsula 360, NI SUS ENTIDADES AFILIADAS O RELACIONADAS (INCLUIDOS SUS PROVEEDORES Y SUS PROVEEDORES DE SERVICIOS DE ALOJAMIENTO WEB, Y SUS PROVEEDORES), NI NINGUNO DE SUS RESPECTIVOS EMPLEADOS O AGENTES, NI NINGUNA PERSONA O ENTIDAD QUE PARTICIPE EN LA CREACI\u00d3N, PRODUCCI\u00d3N, DISTRIBUCI\u00d3N, ALOJAMIENTO, Y\/O LA OPERACI\u00d3N DE ESTE SITIO WEB, ES RESPONSABLE ANTE CUALQUIER PERSONA O ENTIDAD POR CUALQUIER P\u00c9RDIDA, DA\u00d1O (YA SEA REAL O CONSECUENTE), RECLAMO, RESPONSABILIDAD U OTRA CAUSA DE CUALQUIER TIPO O CAR\u00c1CTER BASADA O RESULTANTE DEL USO O INTENTO DE USO DE ESTE SITIO WEB INCLUYENDO, SIN LIMITACI\u00d3N, EL USO O ACCESO A CUALQUIER SOFTWARE O HARDWARE RELACIONADO).<\/p><p>POR EJEMPLO, Y SIN LIMITAR LA GENERALIDAD DE LO ANTERIOR, Pen\u00ednsula 360.<\/p><p>Y LAS PERSONAS Y ENTIDADES RELACIONADAS NO SER\u00c1N RESPONSABLES DE NINGUNA RECLAMACI\u00d3N O DA\u00d1O QUE SURJA DE UN FALLO DE RENDIMIENTO, ERROR, OMISI\u00d3N, INTERRUPCI\u00d3N, SUPRESI\u00d3N, DEFECTO, DEMORA EN EL FUNCIONAMIENTO, VIRUS INFORM\u00c1TICO, ROBO, DESTRUCCI\u00d3N, ACCESO NO AUTORIZADO O ALTERACI\u00d3N DE REGISTROS PERSONALES, O LA CONFIANZA EN O EL USO DE DATOS, INFORMACI\u00d3N, OPINIONES U OTROS MATERIALES QUE APARECEN EN ESTE SITIO WEB. RECONOCE Y ACEPTA EXPRESAMENTE QUE Pen\u00ednsula 360 NO ES RESPONSABLE DE NINGUNA CONDUCTA DIFAMATORIA, OFENSIVA O ILEGAL DE OTROS SUSCRIPTORES O TERCEROS.<\/p><p><strong><span style=\"color: #999999;\">INDEMNIZACI\u00d3N<\/span><\/strong><\/p><p>El usuario acepta indemnizar, defender y eximir de responsabilidad a Pen\u00ednsula 360, a los proveedores y a los proveedores de servicios de alojamiento del sitio web, as\u00ed como a sus directivos, directores, empleados, afiliados, agentes, licenciatarios y proveedores de todas las p\u00e9rdidas, gastos, da\u00f1os y costes, incluidos los honorarios razonables de los abogados, que resulten de cualquier incumplimiento por su parte de estos T\u00e9rminos o del uso indebido del sitio web.<\/p><p><strong><span style=\"color: #999999;\">DERECHOS DE TERCEROS<\/span><\/strong><\/p><p>Estas Condiciones son en beneficio de Pen\u00ednsula 360, sus proveedores y los proveedores de servicios de alojamiento del sitio web, as\u00ed como de sus directivos, directores, empleados, afiliados, agentes, licenciatarios y proveedores. Cada una de estas personas o entidades tendr\u00e1 derecho a hacer valer y aplicar estos T\u00e9rminos directamente contra usted en su propio nombre.<\/p><p><strong><span style=\"color: #999999;\">MARCAS COMERCIALES, DERECHOS DE AUTOR Y RESTRICCIONES<\/span><\/strong><\/p><p>Este sitio web est\u00e1 controlado y operado por Pen\u00ednsula 360.<\/p><p>Todo el contenido de este sitio web, incluidos, entre otros, el texto, las im\u00e1genes, las ilustraciones, los clips de audio y los clips de v\u00eddeo, est\u00e1 protegido por derechos de autor, marcas comerciales, marcas de servicio y\/u otros derechos de propiedad intelectual (que se rigen por la legislaci\u00f3n mexicana). y las leyes de copyright y disposiciones de tratados de todo el mundo, las leyes de privacidad y publicidad y los reglamentos y estatutos de comunicaci\u00f3n) y son propiedad y est\u00e1n controlados por Pen\u00ednsula 360 o sus afiliados o por terceros proveedores de contenido, comerciantes, patrocinadores y licenciatarios (colectivamente \u00abProveedores\u00bb) que han autorizado su contenido o el derecho a comercializar sus productos y\/o servicios a Pen\u00ednsula 360.<\/p><p>El contenido de este sitio web o de cualquier sitio web que sea propiedad de los proveedores, est\u00e9 gestionado, autorizado o controlado por ellos exclusivamente.<\/p><p>Puede imprimir una copia del Contenido y\/o de la informaci\u00f3n contenida en el presente para su uso personal y no comercial, pero no puede copiar, reproducir, volver a publicar, cargar, enviar, transmitir, distribuir y\/o explotar el Contenido o la informaci\u00f3n de ning\u00fan modo (incluido el correo electr\u00f3nico u otros medios electr\u00f3nicos) para su uso comercial sin el consentimiento previo por escrito dePen\u00ednsula 360 o de los proveedores. Puede solicitar el consentimiento enviando una solicitud por correo electronico a <a href=\"mailto:info@360peninsula.com\">info@360peninsula<\/a><a href=\"mailto:info@360peninsula.com\">.com<\/a><\/p><p>Sin el consentimiento previo por escrito de Pen\u00ednsula 360 o los proveedores, su modificaci\u00f3n del Contenido, el uso del Contenido en cualquier otro sitio web o entorno inform\u00e1tico en red o el uso del Contenido para cualquier otro fin que no sea personal y no comercial, infringe los derechos de los propietarios de Pen\u00ednsula 360.<\/p><p><strong><span style=\"color: #999999;\">CUESTIONES JURISDICCIONALES<\/span><\/strong><\/p><p>A menos que se especifique lo contrario, el contenido de este sitio web se presenta \u00fanicamente para su conveniencia y\/o informaci\u00f3n. Este sitio web est\u00e1 controlado y gestionado por Pen\u00ednsula 360.<\/p><p>Pen\u00ednsula 360 no garantiza que el Contenido de su sitio web sea adecuado o est\u00e9 disponible para su uso en otros lugares. Aquellas personas que decidan acceder a este sitio web desde otros lugares lo hacen por iniciativa propia y son responsables del cumplimiento de las leyes locales, si y en la medida en que las leyes locales sean aplicables.<\/p><p>No se puede utilizar ni exportar los materiales de este sitio web en violaci\u00f3n de las leyes y regulaciones de exportaci\u00f3n de los Estados Unidos Mexicanos.<\/p><p><strong><span style=\"color: #999999;\">RESOLUCI\u00d3N DE DISPUTAS<\/span><\/strong><\/p><p>Si surgiera una disputa entre usted y Pen\u00ednsula 360, queremos ofrecerle una resoluci\u00f3n eficiente y rentable utilizando nuestro equipo de atenci\u00f3n al cliente. Casi todos los conflictos del servicio de atenci\u00f3n al cliente se pueden resolver a satisfacci\u00f3n del cliente utilizando nuestro servicio de atenci\u00f3n al cliente, al que se puede acceder enviando un correo electr\u00f3nico a trav\u00e9s de la secci\u00f3n \u00abCont\u00e1ctenos\u00bb de nuestro sitio web.<\/p><p>Si su disputa no puede ser resuelta usando nuestro equipo de servicio al cliente, estos T\u00e9rminos describen c\u00f3mo procederemos con la resoluci\u00f3n de la disputa.<\/p>\t\t\t\t\t\t\t\t<\/div>\n\t\t\t\t<\/div>\n\t\t\t\t\t<\/div>\n\t\t<\/div>\n\t\t\t\t\t<\/div>\n\t\t<\/section>\n\t\t\t\t<\/div>\n\t\t","protected":false},"excerpt":{"rendered":"<p>T\u00c9RMINOS Y CONDICIONES DE USO INFORMACI\u00d3N RELEVANTE Bienvenido al sitio web\u00a0www.360peninsula.com\u00a0\u00abel Sitio Web\u00bb. El objetivo de este sitio web es proporcionarle acceso a la red m\u00e1s completa de productos\/servicios inmobiliarios residenciales y enlaces relacionados para satisfacer sus necesidades \u00abel Contenido\u00bb. Por favor, lea cuidadosamente nuestras Condiciones de Uso (las \u00abCondiciones\u00bb) antes de continuar con el &hellip;<\/p>\n","protected":false},"author":1,"featured_media":0,"parent":0,"menu_order":0,"comment_status":"closed","ping_status":"open","template":"","meta":{"_joinchat":[],"footnotes":""},"class_list":["post-2414","page","type-page","status-publish","hentry"],"_links":{"self":[{"href":"https:\/\/360peninsula.com\/2021\/index.php?rest_route=\/wp\/v2\/pages\/2414","targetHints":{"allow":["GET"]}}],"collection":[{"href":"https:\/\/360peninsula.com\/2021\/index.php?rest_route=\/wp\/v2\/pages"}],"about":[{"href":"https:\/\/360peninsula.com\/2021\/index.php?rest_route=\/wp\/v2\/types\/page"}],"author":[{"embeddable":true,"href":"https:\/\/360peninsula.com\/2021\/index.php?rest_route=\/wp\/v2\/users\/1"}],"replies":[{"embeddable":true,"href":"https:\/\/360peninsula.com\/2021\/index.php?rest_route=%2Fwp%2Fv2%2Fcomments&post=2414"}],"version-history":[{"count":10,"href":"https:\/\/360peninsula.com\/2021\/index.php?rest_route=\/wp\/v2\/pages\/2414\/revisions"}],"predecessor-version":[{"id":2924,"href":"https:\/\/360peninsula.com\/2021\/index.php?rest_route=\/wp\/v2\/pages\/2414\/revisions\/2924"}],"wp:attachment":[{"href":"https:\/\/360peninsula.com\/2021\/index.php?rest_route=%2Fwp%2Fv2%2Fmedia&parent=2414"}],"curies":[{"name":"wp","href":"https:\/\/api.w.org\/{rel}","templated":true}]}}